{"id":1019,"date":"2025-09-19T09:37:46","date_gmt":"2025-09-19T06:37:46","guid":{"rendered":"https:\/\/safety-dynamics.com\/?page_id=1019"},"modified":"2025-10-14T10:42:38","modified_gmt":"2025-10-14T07:42:38","slug":"sikayet-formu","status":"publish","type":"page","link":"https:\/\/safety-dynamics.com\/tr\/sikayet-formu\/","title":{"rendered":"\u015eikayet Formu"},"content":{"rendered":"\t\t<div data-elementor-type=\"wp-page\" data-elementor-id=\"1019\" class=\"elementor elementor-1019\" data-elementor-post-type=\"page\">\n\t\t\t\t<div class=\"elementor-element elementor-element-5bc2ca3a e-con-full e-flex e-con e-parent\" data-id=\"5bc2ca3a\" data-element_type=\"container\" data-settings=\"{&quot;background_background&quot;:&quot;classic&quot;}\">\n\t\t\t\t<div class=\"elementor-element elementor-element-6fe6019d elementor-widget__width-inherit elementor-widget elementor-widget-heading\" data-id=\"6fe6019d\" data-element_type=\"widget\" data-widget_type=\"heading.default\">\n\t\t\t\t<div class=\"elementor-widget-container\">\n\t\t\t\t\t<h1 class=\"elementor-heading-title elementor-size-default\">\u015eikayet Formu<\/h1>\t\t\t\t<\/div>\n\t\t\t\t<\/div>\n\t\t\t\t<\/div>\n\t\t<div class=\"elementor-element elementor-element-1acb2ca2 e-flex e-con-boxed e-con e-parent\" data-id=\"1acb2ca2\" data-element_type=\"container\">\n\t\t\t\t\t<div class=\"e-con-inner\">\n\t\t<div class=\"elementor-element elementor-element-25115981 e-con-full e-flex e-con e-child\" data-id=\"25115981\" data-element_type=\"container\">\n\t\t\t\t<div class=\"elementor-element elementor-element-8a4ef0f elementor-widget elementor-widget-video\" data-id=\"8a4ef0f\" data-element_type=\"widget\" data-settings=\"{&quot;video_type&quot;:&quot;hosted&quot;,&quot;controls&quot;:&quot;yes&quot;}\" data-widget_type=\"video.default\">\n\t\t\t\t<div class=\"elementor-widget-container\">\n\t\t\t\t\t\t\t<div class=\"e-hosted-video elementor-wrapper elementor-open-inline\">\n\t\t\t\t\t<video class=\"elementor-video\" src=\"https:\/\/safety-dynamics.com\/wp-content\/uploads\/2024\/08\/mobile-hero.mp4\" controls=\"\" preload=\"metadata\" controlsList=\"nodownload\"><\/video>\n\t\t\t\t<\/div>\n\t\t\t\t\t\t<\/div>\n\t\t\t\t<\/div>\n\t\t\t\t<\/div>\n\t\t<div class=\"elementor-element elementor-element-7eab503a e-con-full e-flex e-con e-child\" data-id=\"7eab503a\" data-element_type=\"container\">\n\t\t\t\t<div class=\"elementor-element elementor-element-297373 elementor-widget elementor-widget-heading\" data-id=\"297373\" data-element_type=\"widget\" data-widget_type=\"heading.default\">\n\t\t\t\t<div class=\"elementor-widget-container\">\n\t\t\t\t\t<h1 class=\"elementor-heading-title elementor-size-default\">\u015eikayet ve G\u00f6r\u00fc\u015f Formu<\/h1>\t\t\t\t<\/div>\n\t\t\t\t<\/div>\n\t\t\t\t<div class=\"elementor-element elementor-element-f34d6b3 elementor-widget elementor-widget-text-editor\" data-id=\"f34d6b3\" data-element_type=\"widget\" data-widget_type=\"text-editor.default\">\n\t\t\t\t<div class=\"elementor-widget-container\">\n\t\t\t\t\t\t\t\t\t<p>Her t\u00fcrl\u00fc test talebi, e\u011fitim iste\u011fi, \u00e7\u00f6z\u00fcm ortakl\u0131\u011f\u0131, \u00f6neri, itiraz ve \u015fikayetleriniz bu form arac\u0131l\u0131\u011f\u0131yla al\u0131nmakta ve kurum i\u00e7i prosed\u00fcrlerimiz kapsam\u0131nda de\u011ferlendirilmektedir.<br \/>\u015eikayet s\u00fcre\u00e7lerimiz hakk\u0131nda detayl\u0131 bilgi i\u00e7in <a style=\"font-size: 18px !important;\" href=\"https:\/\/safety-dynamics.com\/wp-content\/uploads\/2025\/10\/Safety-Dynamics-MIMSYP-10.09.2025-1.pdf\"><span style=\"text-decoration: underline;\"><strong>M\u00fc\u015fteri \u0130li\u015fkileri Memnuniyeti ve \u015eikayet Y\u00f6netimi Prosed\u00fcr\u00fc<\/strong><\/span><\/a>\u00a0ba\u011flant\u0131s\u0131n\u0131 inceleyebilirsiniz.<\/p>\t\t\t\t\t\t\t\t<\/div>\n\t\t\t\t<\/div>\n\t\t\t\t<div class=\"elementor-element elementor-element-4109528c elementor-widget elementor-widget-shortcode\" data-id=\"4109528c\" data-element_type=\"widget\" data-widget_type=\"shortcode.default\">\n\t\t\t\t<div class=\"elementor-widget-container\">\n\t\t\t\t\t\t\t<div class=\"elementor-shortcode\"><div class=\"forminator-ui forminator-custom-form forminator-custom-form-1028 forminator-design--material  forminator_ajax\" data-forminator-render=\"0\" data-form=\"forminator-module-1028\" data-uid=\"69d0a93fcdd4b\"><br\/><\/div><form\r\n\t\t\t\tid=\"forminator-module-1028\"\r\n\t\t\t\tclass=\"forminator-ui forminator-custom-form forminator-custom-form-1028 forminator-design--material  forminator_ajax\"\r\n\t\t\t\tmethod=\"post\"\r\n\t\t\t\tdata-forminator-render=\"0\"\r\n\t\t\t\tdata-form-id=\"1028\"\r\n\t\t\t\t\r\n\t\t\t\tdata-design=\"material\"\r\n\t\t\t\tdata-color-option=\"default\"\r\n\t\t\t\t\r\n\t\t\t\t\r\n\t\t\t\t\r\n\t\t\t\tdata-grid=\"open\"\r\n\t\t\t\t\r\n\t\t\t\t\r\n\t\t\t\tstyle=\"display: none;\"\r\n\t\t\t\t\r\n\t\t\t\tdata-uid=\"69d0a93fcdd4b\"\r\n\t\t\t><div role=\"alert\" aria-live=\"polite\" class=\"forminator-response-message forminator-error\" aria-hidden=\"true\"><\/div><div class=\"forminator-row\"><div id=\"name-1\" class=\"forminator-field-name forminator-col forminator-col-12 \"><div class=\"forminator-field\"><label for=\"forminator-field-name-1_69d0a93fcdd4b\" id=\"forminator-field-name-1_69d0a93fcdd4b-label\" class=\"forminator-label\">Ad\u0131n\u0131z <span class=\"forminator-required\">*<\/span><\/label><input type=\"text\" name=\"name-1\" value=\"\" placeholder=\"\" id=\"forminator-field-name-1_69d0a93fcdd4b\" class=\"forminator-input forminator-name--field\" aria-required=\"true\" \/><\/div><\/div><\/div><div class=\"forminator-row\"><div id=\"name-2\" class=\"forminator-field-name forminator-col forminator-col-12 \"><div class=\"forminator-field\"><label for=\"forminator-field-name-2_69d0a93fcdd4b\" id=\"forminator-field-name-2_69d0a93fcdd4b-label\" class=\"forminator-label\">Kurulu\u015funuz <span class=\"forminator-required\">*<\/span><\/label><input type=\"text\" name=\"name-2\" value=\"\" placeholder=\"\" id=\"forminator-field-name-2_69d0a93fcdd4b\" class=\"forminator-input forminator-name--field\" aria-required=\"true\" \/><\/div><\/div><\/div><div class=\"forminator-row\"><div id=\"email-1\" class=\"forminator-field-email forminator-col forminator-col-6 \"><div class=\"forminator-field\"><label for=\"forminator-field-email-1_69d0a93fcdd4b\" id=\"forminator-field-email-1_69d0a93fcdd4b-label\" class=\"forminator-label\">Email Adresiniz <span class=\"forminator-required\">*<\/span><\/label><input type=\"email\" name=\"email-1\" value=\"\" placeholder=\"\" id=\"forminator-field-email-1_69d0a93fcdd4b\" class=\"forminator-input forminator-email--field\" data-required=\"true\" aria-required=\"true\" \/><\/div><\/div><div id=\"phone-1\" class=\"forminator-field-phone forminator-col forminator-col-6 \"><div class=\"forminator-field\"><label for=\"forminator-field-phone-1_69d0a93fcdd4b\" id=\"forminator-field-phone-1_69d0a93fcdd4b-label\" class=\"forminator-label\">Telefon Numaran\u0131z<\/label><input type=\"text\" name=\"phone-1\" value=\"\" placeholder=\"\" id=\"forminator-field-phone-1_69d0a93fcdd4b\" class=\"forminator-input forminator-field--phone\" data-required=\"\" aria-required=\"false\" autocomplete=\"off\" \/><\/div><\/div><\/div><div class=\"forminator-row\"><div id=\"select-1\" class=\"forminator-field-select forminator-col forminator-col-12 \"><div class=\"forminator-field\"><label for=\"forminator-form-1028__field--select-1_69d0a93fcdd4b\" id=\"forminator-form-1028__field--select-1_69d0a93fcdd4b-label\" class=\"forminator-label\">Se\u00e7iniz<\/label><select  id=\"forminator-form-1028__field--select-1_69d0a93fcdd4b\" class=\"forminator-select--field forminator-select2 forminator-select2-multiple\" data-required=\"\" name=\"select-1\" data-default-value=\"\" data-hidden-behavior=\"zero\" data-placeholder=\"Konu\" data-search=\"false\" data-search-placeholder=\"Konu\" data-checkbox=\"false\" data-allow-clear=\"false\" aria-labelledby=\"forminator-form-1028__field--select-1_69d0a93fcdd4b-label\"><option value=\"\"  >Konu<\/option><option value=\"one\"  data-calculation=\"0\">\u015eikayet<\/option><option value=\"two\"  data-calculation=\"0\">\u00d6neri<\/option><option value=\"Test-Talebi\"  data-calculation=\"0\">Test Talebi<\/option><option value=\"Yard\u0131m\"  data-calculation=\"0\">Yard\u0131m<\/option><option value=\"Di\u011fer\"  data-calculation=\"0\">Di\u011fer<\/option><\/select><\/div><\/div><\/div><div class=\"forminator-row\"><div id=\"textarea-1\" class=\"forminator-field-textarea forminator-col forminator-col-12 \"><div class=\"forminator-field\"><label for=\"forminator-field-textarea-1_69d0a93fcdd4b\" id=\"forminator-field-textarea-1_69d0a93fcdd4b-label\" class=\"forminator-label\">Mesaj\u0131n\u0131z<\/label><textarea name=\"textarea-1\" placeholder=\"Bize Nas\u0131l Yard\u0131mc\u0131 Olabilece\u011fimizi Anlat\u0131n...\" id=\"forminator-field-textarea-1_69d0a93fcdd4b\" class=\"forminator-textarea\" rows=\"6\" style=\"min-height:140px;\" maxlength=\"180\" ><\/textarea><span id=\"forminator-field-textarea-1_69d0a93fcdd4b-description\" class=\"forminator-description\"><span data-limit=\"180\" data-type=\"characters\" data-editor=\"\">0 \/ 180<\/span><\/span><\/div><\/div><\/div><input type=\"hidden\" name=\"referer_url\" value=\"\" \/><div class=\"forminator-row forminator-row-last\"><div class=\"forminator-col\"><div class=\"forminator-field\"><button class=\"forminator-button forminator-button-submit\"><span>G&ouml;nder<\/span><span aria-hidden=\"true\"><\/span><\/button><\/div><\/div><\/div><input type=\"hidden\" id=\"forminator_nonce\" name=\"forminator_nonce\" value=\"1e077ff439\" \/><input type=\"hidden\" name=\"_wp_http_referer\" value=\"\/tr\/wp-json\/wp\/v2\/pages\/1019\" \/><input type=\"hidden\" name=\"form_id\" value=\"1028\"><input type=\"hidden\" name=\"page_id\" value=\"1019\"><input type=\"hidden\" name=\"form_type\" value=\"default\"><input type=\"hidden\" name=\"current_url\" value=\"https:\/\/safety-dynamics.com\/tr\/sikayet-formu\/\"><input type=\"hidden\" name=\"render_id\" value=\"0\"><input type=\"hidden\" name=\"action\" value=\"forminator_submit_form_custom-forms\"><label for=\"input_7\" class=\"forminator-hidden\" aria-hidden=\"true\">Please do not fill in this field. <input id=\"input_7\" type=\"text\" name=\"input_7\" value=\"\" autocomplete=\"off\"><\/label><\/form><\/div>\n\t\t\t\t\t\t<\/div>\n\t\t\t\t<\/div>\n\t\t\t\t<\/div>\n\t\t\t\t\t<\/div>\n\t\t\t\t<\/div>\n\t\t\t\t<\/div>\n\t\t","protected":false},"excerpt":{"rendered":"<p>\u015eikayet Formu https:\/\/safety-dynamics.com\/wp-content\/uploads\/2024\/08\/mobile-hero.mp4 \u015eikayet ve G\u00f6r\u00fc\u015f Formu Her t\u00fcrl\u00fc test talebi, e\u011fitim iste\u011fi, \u00e7\u00f6z\u00fcm ortakl\u0131\u011f\u0131, \u00f6neri, itiraz ve \u015fikayetleriniz bu form arac\u0131l\u0131\u011f\u0131yla al\u0131nmakta ve kurum i\u00e7i prosed\u00fcrlerimiz kapsam\u0131nda de\u011ferlendirilmektedir.\u015eikayet s\u00fcre\u00e7lerimiz hakk\u0131nda detayl\u0131 bilgi i\u00e7in M\u00fc\u015fteri \u0130li\u015fkileri Memnuniyeti ve \u015eikayet Y\u00f6netimi Prosed\u00fcr\u00fc\u00a0ba\u011flant\u0131s\u0131n\u0131 inceleyebilirsiniz.<\/p>\n","protected":false},"author":1,"featured_media":0,"parent":0,"menu_order":0,"comment_status":"closed","ping_status":"closed","template":"","meta":{"inline_featured_image":false,"footnotes":""},"class_list":["post-1019","page","type-page","status-publish","hentry"],"_links":{"self":[{"href":"https:\/\/safety-dynamics.com\/tr\/wp-json\/wp\/v2\/pages\/1019","targetHints":{"allow":["GET"]}}],"collection":[{"href":"https:\/\/safety-dynamics.com\/tr\/wp-json\/wp\/v2\/pages"}],"about":[{"href":"https:\/\/safety-dynamics.com\/tr\/wp-json\/wp\/v2\/types\/page"}],"author":[{"embeddable":true,"href":"https:\/\/safety-dynamics.com\/tr\/wp-json\/wp\/v2\/users\/1"}],"replies":[{"embeddable":true,"href":"https:\/\/safety-dynamics.com\/tr\/wp-json\/wp\/v2\/comments?post=1019"}],"version-history":[{"count":37,"href":"https:\/\/safety-dynamics.com\/tr\/wp-json\/wp\/v2\/pages\/1019\/revisions"}],"predecessor-version":[{"id":1155,"href":"https:\/\/safety-dynamics.com\/tr\/wp-json\/wp\/v2\/pages\/1019\/revisions\/1155"}],"wp:attachment":[{"href":"https:\/\/safety-dynamics.com\/tr\/wp-json\/wp\/v2\/media?parent=1019"}],"curies":[{"name":"wp","href":"https:\/\/api.w.org\/{rel}","templated":true}]}}