{"id":603,"date":"2024-08-16T08:01:58","date_gmt":"2024-08-16T05:01:58","guid":{"rendered":"https:\/\/safety-dynamics.com\/homepage\/"},"modified":"2024-08-16T09:56:33","modified_gmt":"2024-08-16T06:56:33","slug":"anasayfa","status":"publish","type":"page","link":"https:\/\/safety-dynamics.com\/tr\/","title":{"rendered":"Anasayfa"},"content":{"rendered":"\t\t<div data-elementor-type=\"wp-page\" data-elementor-id=\"603\" class=\"elementor elementor-603 elementor-598\" data-elementor-post-type=\"page\">\n\t\t\t\t<div class=\"elementor-element elementor-element-bb327eb elementor-hidden-tablet elementor-hidden-mobile e-flex e-con-boxed e-con e-parent\" data-id=\"bb327eb\" data-element_type=\"container\" data-settings=\"{&quot;background_background&quot;:&quot;video&quot;,&quot;background_video_link&quot;:&quot;https:\\\/\\\/safety-dynamics.com\\\/wp-content\\\/uploads\\\/2024\\\/04\\\/desktop-hero.mp4&quot;}\">\n\t\t\t\t\t<div class=\"e-con-inner\">\n\t\t<div class=\"elementor-background-video-container elementor-hidden-mobile\" aria-hidden=\"true\">\n\t\t\t\t\t\t\t<video class=\"elementor-background-video-hosted\" autoplay muted playsinline loop><\/video>\n\t\t\t\t\t<\/div>\t\t<div class=\"elementor-element elementor-element-5ce6fea elementor-widget__width-inherit elementor-widget elementor-widget-heading\" data-id=\"5ce6fea\" data-element_type=\"widget\" data-widget_type=\"heading.default\">\n\t\t\t\t<div class=\"elementor-widget-container\">\n\t\t\t\t\t<h1 class=\"elementor-heading-title elementor-size-default\">Daha Fazla G\u00fcvenlik<br> \u0130\u00e7in Buraday\u0131z<\/h1>\t\t\t\t<\/div>\n\t\t\t\t<\/div>\n\t\t\t\t<div class=\"elementor-element elementor-element-a3df809 elementor-widget__width-inherit elementor-widget-mobile__width-inherit elementor-widget elementor-widget-text-editor\" data-id=\"a3df809\" data-element_type=\"widget\" data-widget_type=\"text-editor.default\">\n\t\t\t\t<div class=\"elementor-widget-container\">\n\t\t\t\t\t\t\t\t\t<p>Ara\u00e7 G\u00fcvenli\u011finde Emniyet ve G\u00fcvenilirli\u011fin Sa\u011flanmas\u0131na Y\u00f6nelik Hizmetler<\/p>\t\t\t\t\t\t\t\t<\/div>\n\t\t\t\t<\/div>\n\t\t\t\t<div class=\"elementor-element elementor-element-63fbfc7 elementor-widget elementor-widget-button\" data-id=\"63fbfc7\" data-element_type=\"widget\" data-widget_type=\"button.default\">\n\t\t\t\t<div class=\"elementor-widget-container\">\n\t\t\t\t\t\t\t\t\t<div class=\"elementor-button-wrapper\">\n\t\t\t\t\t<a class=\"elementor-button elementor-button-link elementor-size-sm\" href=\"https:\/\/safety-dynamics.com\/tr\/hakkimizda\">\n\t\t\t\t\t\t<span class=\"elementor-button-content-wrapper\">\n\t\t\t\t\t\t\t\t\t<span class=\"elementor-button-text\">Detayl\u0131 Bilgi<\/span>\n\t\t\t\t\t<\/span>\n\t\t\t\t\t<\/a>\n\t\t\t\t<\/div>\n\t\t\t\t\t\t\t\t<\/div>\n\t\t\t\t<\/div>\n\t\t\t\t\t<\/div>\n\t\t\t\t<\/div>\n\t\t<div class=\"elementor-element elementor-element-3f15948 e-con-full elementor-hidden-desktop e-flex e-con e-parent\" data-id=\"3f15948\" data-element_type=\"container\" data-settings=\"{&quot;background_background&quot;:&quot;video&quot;,&quot;background_video_link&quot;:&quot;https:\\\/\\\/safety-dynamics.com\\\/wp-content\\\/uploads\\\/2024\\\/04\\\/mobile-hero.mp4&quot;,&quot;background_play_on_mobile&quot;:&quot;yes&quot;}\">\n\t\t<div class=\"elementor-background-video-container\" aria-hidden=\"true\">\n\t\t\t\t\t\t\t<video class=\"elementor-background-video-hosted\" autoplay muted playsinline loop><\/video>\n\t\t\t\t\t<\/div>\t\t<div class=\"elementor-element elementor-element-c111586 elementor-widget__width-inherit elementor-widget elementor-widget-heading\" data-id=\"c111586\" data-element_type=\"widget\" data-widget_type=\"heading.default\">\n\t\t\t\t<div class=\"elementor-widget-container\">\n\t\t\t\t\t<h1 class=\"elementor-heading-title elementor-size-default\">Daha Fazla G\u00fcvenlik<br> \u0130\u00e7in Buraday\u0131z<\/h1>\t\t\t\t<\/div>\n\t\t\t\t<\/div>\n\t\t\t\t<div class=\"elementor-element elementor-element-2184e05 elementor-widget__width-inherit elementor-widget-mobile__width-inherit elementor-widget elementor-widget-text-editor\" data-id=\"2184e05\" data-element_type=\"widget\" data-widget_type=\"text-editor.default\">\n\t\t\t\t<div class=\"elementor-widget-container\">\n\t\t\t\t\t\t\t\t\t<p>Ara\u00e7 G\u00fcvenli\u011finde Emniyet ve G\u00fcvenilirli\u011fin Sa\u011flanmas\u0131na Y\u00f6nelik Hizmetler<\/p>\t\t\t\t\t\t\t\t<\/div>\n\t\t\t\t<\/div>\n\t\t\t\t<div class=\"elementor-element elementor-element-999ebfa elementor-widget elementor-widget-button\" data-id=\"999ebfa\" data-element_type=\"widget\" data-widget_type=\"button.default\">\n\t\t\t\t<div class=\"elementor-widget-container\">\n\t\t\t\t\t\t\t\t\t<div class=\"elementor-button-wrapper\">\n\t\t\t\t\t<a class=\"elementor-button elementor-button-link elementor-size-sm\" href=\"https:\/\/safety-dynamics.com\/tr\/hakkimizda\">\n\t\t\t\t\t\t<span class=\"elementor-button-content-wrapper\">\n\t\t\t\t\t\t\t\t\t<span class=\"elementor-button-text\">Detayl\u0131 Bilgi<\/span>\n\t\t\t\t\t<\/span>\n\t\t\t\t\t<\/a>\n\t\t\t\t<\/div>\n\t\t\t\t\t\t\t\t<\/div>\n\t\t\t\t<\/div>\n\t\t\t\t<\/div>\n\t\t<div class=\"elementor-element elementor-element-cbceac1 e-flex e-con-boxed e-con e-parent\" data-id=\"cbceac1\" data-element_type=\"container\">\n\t\t\t\t\t<div class=\"e-con-inner\">\n\t\t<div class=\"elementor-element elementor-element-cf94c88 e-con-full e-flex e-con e-child\" data-id=\"cf94c88\" data-element_type=\"container\" data-settings=\"{&quot;background_background&quot;:&quot;classic&quot;}\">\n\t\t<div class=\"elementor-element elementor-element-76c8b9f e-flex e-con-boxed e-con e-child\" data-id=\"76c8b9f\" data-element_type=\"container\">\n\t\t\t\t\t<div class=\"e-con-inner\">\n\t\t\t\t<div class=\"elementor-element elementor-element-04ce9f7 elementor-widget elementor-widget-heading\" data-id=\"04ce9f7\" data-element_type=\"widget\" data-widget_type=\"heading.default\">\n\t\t\t\t<div class=\"elementor-widget-container\">\n\t\t\t\t\t<h2 class=\"elementor-heading-title elementor-size-default\">Ara\u00e7 G\u00fcvenli\u011finde Emniyet ve G\u00fcvenilirli\u011fin Sa\u011flanmas\u0131na Y\u00f6nelik Hizmetler<\/h2>\t\t\t\t<\/div>\n\t\t\t\t<\/div>\n\t\t\t\t<div class=\"elementor-element elementor-element-df7aa15 elementor-widget elementor-widget-heading\" data-id=\"df7aa15\" data-element_type=\"widget\" data-widget_type=\"heading.default\">\n\t\t\t\t<div class=\"elementor-widget-container\">\n\t\t\t\t\t<h2 class=\"elementor-heading-title elementor-size-default\">Daha G\u00fcvenli Yolculuklar i\u00e7in Test Edilmi\u015f G\u00fcvenlik<\/h2>\t\t\t\t<\/div>\n\t\t\t\t<\/div>\n\t\t\t\t<div class=\"elementor-element elementor-element-9a84788 elementor-widget elementor-widget-text-editor\" data-id=\"9a84788\" data-element_type=\"widget\" data-widget_type=\"text-editor.default\">\n\t\t\t\t<div class=\"elementor-widget-container\">\n\t\t\t\t\t\t\t\t\t<p>Safety Dynamics, otomotiv sekt\u00f6r\u00fcn\u00fcn g\u00fcvenlik testi ihtiya\u00e7lar\u0131na y\u00f6nelik olarak kurulmu\u015ftur. Sekt\u00f6r\u00fcn ana test ihtiya\u00e7lar\u0131 olan emniyet kemeri, \u015fasi ve ak\u00fc testlerini end\u00fcstri norm ve y\u00f6netmeliklerine g\u00f6re ger\u00e7ekle\u015ftirmektedir.<\/p>\t\t\t\t\t\t\t\t<\/div>\n\t\t\t\t<\/div>\n\t\t\t\t<div class=\"elementor-element elementor-element-ac4f21d elementor-absolute elementor-hidden-tablet elementor-hidden-mobile elementor-view-default elementor-widget elementor-widget-icon\" data-id=\"ac4f21d\" data-element_type=\"widget\" data-settings=\"{&quot;_position&quot;:&quot;absolute&quot;}\" data-widget_type=\"icon.default\">\n\t\t\t\t<div class=\"elementor-widget-container\">\n\t\t\t\t\t\t\t<div class=\"elementor-icon-wrapper\">\n\t\t\t<div class=\"elementor-icon\">\n\t\t\t\t\t\t<\/div>\n\t\t<\/div>\n\t\t\t\t\t\t<\/div>\n\t\t\t\t<\/div>\n\t\t\t\t<div class=\"elementor-element elementor-element-1c37d05 elementor-absolute elementor-hidden-tablet elementor-hidden-mobile elementor-view-default elementor-widget elementor-widget-icon\" data-id=\"1c37d05\" data-element_type=\"widget\" data-settings=\"{&quot;_position&quot;:&quot;absolute&quot;}\" data-widget_type=\"icon.default\">\n\t\t\t\t<div class=\"elementor-widget-container\">\n\t\t\t\t\t\t\t<div class=\"elementor-icon-wrapper\">\n\t\t\t<div class=\"elementor-icon\">\n\t\t\t\t\t\t<\/div>\n\t\t<\/div>\n\t\t\t\t\t\t<\/div>\n\t\t\t\t<\/div>\n\t\t\t\t\t<\/div>\n\t\t\t\t<\/div>\n\t\t<div class=\"elementor-element elementor-element-9f86b45 e-con-full e-flex e-con e-child\" data-id=\"9f86b45\" data-element_type=\"container\">\n\t\t\t\t<div class=\"elementor-element elementor-element-4607018 elementor-position-top elementor-widget elementor-widget-image-box\" data-id=\"4607018\" data-element_type=\"widget\" data-widget_type=\"image-box.default\">\n\t\t\t\t<div class=\"elementor-widget-container\">\n\t\t\t\t\t<div class=\"elementor-image-box-wrapper\"><figure class=\"elementor-image-box-img\"><img fetchpriority=\"high\" decoding=\"async\" width=\"2048\" height=\"2048\" src=\"https:\/\/safety-dynamics.com\/wp-content\/uploads\/2024\/02\/schedule.png\" class=\"attachment-full size-full wp-image-156\" alt=\"\" srcset=\"https:\/\/safety-dynamics.com\/wp-content\/uploads\/2024\/02\/schedule.png 2048w, https:\/\/safety-dynamics.com\/wp-content\/uploads\/2024\/02\/schedule-300x300.png 300w, https:\/\/safety-dynamics.com\/wp-content\/uploads\/2024\/02\/schedule-1024x1024.png 1024w, https:\/\/safety-dynamics.com\/wp-content\/uploads\/2024\/02\/schedule-150x150.png 150w, https:\/\/safety-dynamics.com\/wp-content\/uploads\/2024\/02\/schedule-768x768.png 768w, https:\/\/safety-dynamics.com\/wp-content\/uploads\/2024\/02\/schedule-1536x1536.png 1536w\" sizes=\"(max-width: 2048px) 100vw, 2048px\" \/><\/figure><div class=\"elementor-image-box-content\"><h3 class=\"elementor-image-box-title\">K\u0131sa Rezervasyon D\u00f6nemleri<\/h3><p class=\"elementor-image-box-description\">Hizmetlerimizi k\u0131sa bir zaman \u00e7izelgesi i\u00e7inde sunuyoruz. Bu da size zaman avantaj\u0131 sa\u011fl\u0131yor ve test sonu\u00e7lar\u0131n\u0131 daha h\u0131zl\u0131 alman\u0131z\u0131 sa\u011fl\u0131yor.<\/p><\/div><\/div>\t\t\t\t<\/div>\n\t\t\t\t<\/div>\n\t\t\t\t<div class=\"elementor-element elementor-element-327d41d elementor-position-top elementor-widget elementor-widget-image-box\" data-id=\"327d41d\" data-element_type=\"widget\" data-widget_type=\"image-box.default\">\n\t\t\t\t<div class=\"elementor-widget-container\">\n\t\t\t\t\t<div class=\"elementor-image-box-wrapper\"><figure class=\"elementor-image-box-img\"><img decoding=\"async\" width=\"2048\" height=\"2048\" src=\"https:\/\/safety-dynamics.com\/wp-content\/uploads\/2024\/02\/location-rev.png\" class=\"attachment-full size-full wp-image-162\" alt=\"\" srcset=\"https:\/\/safety-dynamics.com\/wp-content\/uploads\/2024\/02\/location-rev.png 2048w, https:\/\/safety-dynamics.com\/wp-content\/uploads\/2024\/02\/location-rev-300x300.png 300w, https:\/\/safety-dynamics.com\/wp-content\/uploads\/2024\/02\/location-rev-1024x1024.png 1024w, https:\/\/safety-dynamics.com\/wp-content\/uploads\/2024\/02\/location-rev-150x150.png 150w, https:\/\/safety-dynamics.com\/wp-content\/uploads\/2024\/02\/location-rev-768x768.png 768w, https:\/\/safety-dynamics.com\/wp-content\/uploads\/2024\/02\/location-rev-1536x1536.png 1536w\" sizes=\"(max-width: 2048px) 100vw, 2048px\" \/><\/figure><div class=\"elementor-image-box-content\"><h3 class=\"elementor-image-box-title\">Konum ve Ula\u015f\u0131m<\/h3><p class=\"elementor-image-box-description\">\u00d6nemli bir jeolojik alan \u00fczerine kuruluyuz.<\/p><\/div><\/div>\t\t\t\t<\/div>\n\t\t\t\t<\/div>\n\t\t\t\t<div class=\"elementor-element elementor-element-af72b5b elementor-position-top elementor-widget elementor-widget-image-box\" data-id=\"af72b5b\" data-element_type=\"widget\" data-widget_type=\"image-box.default\">\n\t\t\t\t<div class=\"elementor-widget-container\">\n\t\t\t\t\t<div class=\"elementor-image-box-wrapper\"><figure class=\"elementor-image-box-img\"><img decoding=\"async\" width=\"2048\" height=\"2048\" src=\"https:\/\/safety-dynamics.com\/wp-content\/uploads\/2024\/02\/testing-f.png\" class=\"attachment-full size-full wp-image-171\" alt=\"\" srcset=\"https:\/\/safety-dynamics.com\/wp-content\/uploads\/2024\/02\/testing-f.png 2048w, https:\/\/safety-dynamics.com\/wp-content\/uploads\/2024\/02\/testing-f-300x300.png 300w, https:\/\/safety-dynamics.com\/wp-content\/uploads\/2024\/02\/testing-f-1024x1024.png 1024w, https:\/\/safety-dynamics.com\/wp-content\/uploads\/2024\/02\/testing-f-150x150.png 150w, https:\/\/safety-dynamics.com\/wp-content\/uploads\/2024\/02\/testing-f-768x768.png 768w, https:\/\/safety-dynamics.com\/wp-content\/uploads\/2024\/02\/testing-f-1536x1536.png 1536w\" sizes=\"(max-width: 2048px) 100vw, 2048px\" \/><\/figure><div class=\"elementor-image-box-content\"><h3 class=\"elementor-image-box-title\">Y\u00fcksek Teknoloji Ekipmanlar<\/h3><p class=\"elementor-image-box-description\">En son teknoloji ve y\u00f6netmeliklere uygun son teknoloji ekipmanlara sahibiz.<\/p><\/div><\/div>\t\t\t\t<\/div>\n\t\t\t\t<\/div>\n\t\t\t\t<\/div>\n\t\t\t\t<\/div>\n\t\t\t\t\t<\/div>\n\t\t\t\t<\/div>\n\t\t<div class=\"elementor-element elementor-element-876478a e-flex e-con-boxed e-con e-parent\" data-id=\"876478a\" data-element_type=\"container\" data-settings=\"{&quot;background_background&quot;:&quot;classic&quot;}\">\n\t\t\t\t\t<div class=\"e-con-inner\">\n\t\t<div class=\"elementor-element elementor-element-77ea8a2 e-con-full e-flex e-con e-child\" data-id=\"77ea8a2\" data-element_type=\"container\">\n\t\t\t\t<div class=\"elementor-element elementor-element-53d2714 elementor-widget elementor-widget-heading\" data-id=\"53d2714\" data-element_type=\"widget\" data-widget_type=\"heading.default\">\n\t\t\t\t<div class=\"elementor-widget-container\">\n\t\t\t\t\t<h2 class=\"elementor-heading-title elementor-size-default\">G\u00fcvenlik Test Hizmetleri<\/h2>\t\t\t\t<\/div>\n\t\t\t\t<\/div>\n\t\t\t\t<div class=\"elementor-element elementor-element-6a28de9 elementor-widget elementor-widget-heading\" data-id=\"6a28de9\" data-element_type=\"widget\" data-widget_type=\"heading.default\">\n\t\t\t\t<div class=\"elementor-widget-container\">\n\t\t\t\t\t<h5 class=\"elementor-heading-title elementor-size-default\">K\u00fcresel test standartlar\u0131nda \u00fcreticiler i\u00e7in k\u00fcresel test ve sim\u00fclasyon deneyimi sa\u011fl\u0131yoruz.<\/h5>\t\t\t\t<\/div>\n\t\t\t\t<\/div>\n\t\t\t\t<\/div>\n\t\t<div class=\"elementor-element elementor-element-d5822bd e-con-full e-flex e-con e-child\" data-id=\"d5822bd\" data-element_type=\"container\">\n\t\t\t\t<div class=\"elementor-element elementor-element-4212e9f elementor-widget-tablet__width-initial elementor-widget-mobile__width-inherit elementor-widget__width-initial elementor-position-top elementor-widget elementor-widget-image-box\" data-id=\"4212e9f\" data-element_type=\"widget\" data-widget_type=\"image-box.default\">\n\t\t\t\t<div class=\"elementor-widget-container\">\n\t\t\t\t\t<div class=\"elementor-image-box-wrapper\"><figure class=\"elementor-image-box-img\"><a href=\"http:\/\/safety-dynamics.com\/tr\/emniyet-kemeri-testleri\" tabindex=\"-1\"><img loading=\"lazy\" decoding=\"async\" width=\"1920\" height=\"760\" src=\"https:\/\/safety-dynamics.com\/wp-content\/uploads\/2025\/04\/boxking_cta_bg_.jpg\" class=\"elementor-animation-grow attachment-full size-full wp-image-905\" alt=\"\" srcset=\"https:\/\/safety-dynamics.com\/wp-content\/uploads\/2025\/04\/boxking_cta_bg_.jpg 1920w, https:\/\/safety-dynamics.com\/wp-content\/uploads\/2025\/04\/boxking_cta_bg_-300x119.jpg 300w, https:\/\/safety-dynamics.com\/wp-content\/uploads\/2025\/04\/boxking_cta_bg_-1024x405.jpg 1024w, https:\/\/safety-dynamics.com\/wp-content\/uploads\/2025\/04\/boxking_cta_bg_-768x304.jpg 768w, https:\/\/safety-dynamics.com\/wp-content\/uploads\/2025\/04\/boxking_cta_bg_-1536x608.jpg 1536w\" sizes=\"(max-width: 1920px) 100vw, 1920px\" \/><\/a><\/figure><div class=\"elementor-image-box-content\"><h4 class=\"elementor-image-box-title\"><a href=\"http:\/\/safety-dynamics.com\/tr\/emniyet-kemeri-testleri\">Emniyet Kemeri Testleri<\/a><\/h4><p class=\"elementor-image-box-description\">Emniyet kemeri \u00e7arp\u0131\u015fma testleri, ger\u00e7ek d\u00fcnyadaki \u00e7arp\u0131\u015fma senaryolar\u0131nda emniyet kemerlerinin performans\u0131n\u0131 de\u011ferlendirmek ve iyile\u015ftirmek i\u00e7in vazge\u00e7ilmez ara\u00e7lard\u0131r.<\/p><\/div><\/div>\t\t\t\t<\/div>\n\t\t\t\t<\/div>\n\t\t\t\t<div class=\"elementor-element elementor-element-40aef1a elementor-widget-tablet__width-initial elementor-widget-mobile__width-inherit elementor-widget__width-initial elementor-position-top elementor-widget elementor-widget-image-box\" data-id=\"40aef1a\" data-element_type=\"widget\" data-widget_type=\"image-box.default\">\n\t\t\t\t<div class=\"elementor-widget-container\">\n\t\t\t\t\t<div class=\"elementor-image-box-wrapper\"><figure class=\"elementor-image-box-img\"><a href=\"http:\/\/safety-dynamics.com\/tr\/koltuk-testleri\" tabindex=\"-1\"><img decoding=\"async\" src=\"https:\/\/safety-dynamics.com\/wp-content\/uploads\/2024\/04\/hero-seat.jpg\" title=\"\" alt=\"\" class=\"elementor-animation-grow\" loading=\"lazy\" \/><\/a><\/figure><div class=\"elementor-image-box-content\"><h4 class=\"elementor-image-box-title\"><a href=\"http:\/\/safety-dynamics.com\/tr\/koltuk-testleri\">Koltuk Testleri<\/a><\/h4><p class=\"elementor-image-box-description\">Koltuk g\u00fcvenlik testleri, yolcu g\u00fcvenli\u011fi i\u00e7in en \u00f6nemli testlerden biridir.<\/p><\/div><\/div>\t\t\t\t<\/div>\n\t\t\t\t<\/div>\n\t\t\t\t<div class=\"elementor-element elementor-element-75f23ae elementor-widget-tablet__width-initial elementor-widget-mobile__width-inherit elementor-widget__width-initial elementor-position-top elementor-widget elementor-widget-image-box\" data-id=\"75f23ae\" data-element_type=\"widget\" data-widget_type=\"image-box.default\">\n\t\t\t\t<div class=\"elementor-widget-container\">\n\t\t\t\t\t<div class=\"elementor-image-box-wrapper\"><figure class=\"elementor-image-box-img\"><a href=\"http:\/\/safety-dynamics.com\/tr\/sasi-testleri\" tabindex=\"-1\"><img decoding=\"async\" src=\"https:\/\/safety-dynamics.com\/wp-content\/uploads\/2024\/04\/hero-chassis.jpg\" title=\"\" alt=\"\" class=\"elementor-animation-grow\" loading=\"lazy\" \/><\/a><\/figure><div class=\"elementor-image-box-content\"><h4 class=\"elementor-image-box-title\"><a href=\"http:\/\/safety-dynamics.com\/tr\/sasi-testleri\">\u015easi Testleri<\/a><\/h4><p class=\"elementor-image-box-description\">Bu y\u00f6netmelik testleri, arac\u0131n \u00fcst yap\u0131s\u0131n\u0131n dayan\u0131kl\u0131l\u0131\u011f\u0131na ili\u015fkin gereklilikleri belirler.<\/p><\/div><\/div>\t\t\t\t<\/div>\n\t\t\t\t<\/div>\n\t\t\t\t<div class=\"elementor-element elementor-element-cc9271f elementor-widget-tablet__width-initial elementor-widget-mobile__width-inherit elementor-widget__width-initial elementor-position-top elementor-widget elementor-widget-image-box\" data-id=\"cc9271f\" data-element_type=\"widget\" data-widget_type=\"image-box.default\">\n\t\t\t\t<div class=\"elementor-widget-container\">\n\t\t\t\t\t<div class=\"elementor-image-box-wrapper\"><figure class=\"elementor-image-box-img\"><a href=\"http:\/\/safety-dynamics.com\/tr\/elektrikli-arac-batarya-testleri\" tabindex=\"-1\"><img decoding=\"async\" src=\"https:\/\/safety-dynamics.com\/wp-content\/uploads\/2024\/04\/hero-ev-battery.jpg\" title=\"\" alt=\"\" class=\"elementor-animation-grow\" loading=\"lazy\" \/><\/a><\/figure><div class=\"elementor-image-box-content\"><h4 class=\"elementor-image-box-title\"><a href=\"http:\/\/safety-dynamics.com\/tr\/elektrikli-arac-batarya-testleri\">Elektrikli Ara\u00e7 Batarya Testleri<\/a><\/h4><p class=\"elementor-image-box-description\">Safety Dynamics, gerekli t\u00fcm k\u00fcresel ak\u00fc standartlar\u0131na ve y\u00f6netmeliklerine uyman\u0131z\u0131 sa\u011flamak i\u00e7in g\u00fcvenilir elektrikli ara\u00e7 ak\u00fc test hizmetleri sunar.<\/p><\/div><\/div>\t\t\t\t<\/div>\n\t\t\t\t<\/div>\n\t\t\t\t<\/div>\n\t\t\t\t\t<\/div>\n\t\t\t\t<\/div>\n\t\t<div class=\"elementor-element elementor-element-566b3dd e-flex e-con-boxed e-con e-parent\" data-id=\"566b3dd\" data-element_type=\"container\" data-settings=\"{&quot;background_background&quot;:&quot;classic&quot;}\">\n\t\t\t\t\t<div class=\"e-con-inner\">\n\t\t\t\t<div class=\"elementor-element elementor-element-cecc9d7 elementor-widget elementor-widget-heading\" data-id=\"cecc9d7\" data-element_type=\"widget\" data-widget_type=\"heading.default\">\n\t\t\t\t<div class=\"elementor-widget-container\">\n\t\t\t\t\t<h5 class=\"elementor-heading-title elementor-size-default\">Ara\u00e7 G\u00fcvenli\u011finde Emniyet ve G\u00fcvenilirli\u011fin Sa\u011flanmas\u0131na Y\u00f6nelik Hizmetler<\/h5>\t\t\t\t<\/div>\n\t\t\t\t<\/div>\n\t\t\t\t<div class=\"elementor-element elementor-element-829c63a elementor-widget elementor-widget-heading\" data-id=\"829c63a\" data-element_type=\"widget\" data-widget_type=\"heading.default\">\n\t\t\t\t<div class=\"elementor-widget-container\">\n\t\t\t\t\t<h1 class=\"elementor-heading-title elementor-size-default\">K\u00fcresel Standartlarda<br>Test ve Sim\u00fclasyon<\/h1>\t\t\t\t<\/div>\n\t\t\t\t<\/div>\n\t\t\t\t\t<\/div>\n\t\t\t\t<\/div>\n\t\t<div class=\"elementor-element elementor-element-1aa956e e-flex e-con-boxed e-con e-parent\" data-id=\"1aa956e\" data-element_type=\"container\" data-settings=\"{&quot;background_background&quot;:&quot;classic&quot;}\">\n\t\t\t\t\t<div class=\"e-con-inner\">\n\t\t\t\t<div class=\"elementor-element elementor-element-97b9e22 elementor-widget elementor-widget-image-box\" data-id=\"97b9e22\" data-element_type=\"widget\" data-widget_type=\"image-box.default\">\n\t\t\t\t<div class=\"elementor-widget-container\">\n\t\t\t\t\t<div class=\"elementor-image-box-wrapper\"><div class=\"elementor-image-box-content\"><h3 class=\"elementor-image-box-title\"><a href=\"http:\/\/safety-dynamics.com\/tr\/hakkimizda\">Hakk\u0131m\u0131zda<\/a><\/h3><p class=\"elementor-image-box-description\">Safety Dynamics, h\u0131zl\u0131 randevu al\u0131nabilen stratejik bir konumda y\u00fcksek teknolojiye sahip ekipmanlar\u0131yla hizmet vermektedir.<br><br>Kendimizi, titiz test ve de\u011ferlendirmelerle otomotiv g\u00fcvenli\u011fini geli\u015ftirmeye adad\u0131k. En son teknolojiye sahip tesislerimiz ve deneyimli m\u00fchendis ve teknisyenlerden olu\u015fan ekibimizle emniyet kemerleri, ara\u00e7 koltuklar\u0131, \u015fasi ve elektrikli ara\u00e7 (EV) bataryalar\u0131 i\u00e7in kapsaml\u0131 testler ger\u00e7ekle\u015ftirme konusunda uzman\u0131z.<\/p><\/div><\/div>\t\t\t\t<\/div>\n\t\t\t\t<\/div>\n\t\t\t\t<div class=\"elementor-element elementor-element-1824b12 elementor-widget elementor-widget-image-box\" data-id=\"1824b12\" data-element_type=\"widget\" data-widget_type=\"image-box.default\">\n\t\t\t\t<div class=\"elementor-widget-container\">\n\t\t\t\t\t<div class=\"elementor-image-box-wrapper\"><div class=\"elementor-image-box-content\"><h3 class=\"elementor-image-box-title\">Misyonumuz<\/h3><p class=\"elementor-image-box-description\">Misyonumuz, ara\u00e7lar\u0131n en y\u00fcksek g\u00fcvenlik standartlar\u0131n\u0131 kar\u015f\u0131lamas\u0131n\u0131 sa\u011flamak ve bir \u00e7arp\u0131\u015fma durumunda yolcular\u0131 korumakt\u0131r.<\/p><\/div><\/div>\t\t\t\t<\/div>\n\t\t\t\t<\/div>\n\t\t\t\t<div class=\"elementor-element elementor-element-96f5663 elementor-widget elementor-widget-image-box\" data-id=\"96f5663\" data-element_type=\"widget\" data-widget_type=\"image-box.default\">\n\t\t\t\t<div class=\"elementor-widget-container\">\n\t\t\t\t\t<div class=\"elementor-image-box-wrapper\"><div class=\"elementor-image-box-content\"><h3 class=\"elementor-image-box-title\">Teknolojimiz<\/h3><p class=\"elementor-image-box-description\">En son teknoloji ve y\u00f6netmeliklere uygun son teknoloji ekipmanlara sahibiz. Bu y\u00fcksek teknoloji \u00fcr\u00fcn\u00fc ekipmanlar bize ve m\u00fc\u015fterilerimize k\u00fcresel standartlar\u0131 kar\u015f\u0131lama g\u00fcc\u00fc veriyor.<\/p><\/div><\/div>\t\t\t\t<\/div>\n\t\t\t\t<\/div>\n\t\t\t\t\t<\/div>\n\t\t\t\t<\/div>\n\t\t\t\t<\/div>\n\t\t","protected":false},"excerpt":{"rendered":"<p>Daha Fazla G\u00fcvenlik \u0130\u00e7in Buraday\u0131z Ara\u00e7 G\u00fcvenli\u011finde Emniyet ve G\u00fcvenilirli\u011fin Sa\u011flanmas\u0131na Y\u00f6nelik Hizmetler Detayl\u0131 Bilgi Daha Fazla G\u00fcvenlik \u0130\u00e7in Buraday\u0131z Ara\u00e7 G\u00fcvenli\u011finde Emniyet ve G\u00fcvenilirli\u011fin Sa\u011flanmas\u0131na Y\u00f6nelik Hizmetler Detayl\u0131 Bilgi Ara\u00e7 G\u00fcvenli\u011finde Emniyet ve G\u00fcvenilirli\u011fin Sa\u011flanmas\u0131na Y\u00f6nelik Hizmetler Daha G\u00fcvenli Yolculuklar i\u00e7in Test Edilmi\u015f G\u00fcvenlik Safety Dynamics, otomotiv sekt\u00f6r\u00fcn\u00fcn g\u00fcvenlik testi ihtiya\u00e7lar\u0131na y\u00f6nelik olarak kurulmu\u015ftur. [&hellip;]<\/p>\n","protected":false},"author":1,"featured_media":0,"parent":0,"menu_order":0,"comment_status":"closed","ping_status":"closed","template":"elementor_header_footer","meta":{"inline_featured_image":false,"footnotes":""},"class_list":["post-603","page","type-page","status-publish","hentry"],"_links":{"self":[{"href":"https:\/\/safety-dynamics.com\/tr\/wp-json\/wp\/v2\/pages\/603","targetHints":{"allow":["GET"]}}],"collection":[{"href":"https:\/\/safety-dynamics.com\/tr\/wp-json\/wp\/v2\/pages"}],"about":[{"href":"https:\/\/safety-dynamics.com\/tr\/wp-json\/wp\/v2\/types\/page"}],"author":[{"embeddable":true,"href":"https:\/\/safety-dynamics.com\/tr\/wp-json\/wp\/v2\/users\/1"}],"replies":[{"embeddable":true,"href":"https:\/\/safety-dynamics.com\/tr\/wp-json\/wp\/v2\/comments?post=603"}],"version-history":[{"count":13,"href":"https:\/\/safety-dynamics.com\/tr\/wp-json\/wp\/v2\/pages\/603\/revisions"}],"predecessor-version":[{"id":725,"href":"https:\/\/safety-dynamics.com\/tr\/wp-json\/wp\/v2\/pages\/603\/revisions\/725"}],"wp:attachment":[{"href":"https:\/\/safety-dynamics.com\/tr\/wp-json\/wp\/v2\/media?parent=603"}],"curies":[{"name":"wp","href":"https:\/\/api.w.org\/{rel}","templated":true}]}}