{"id":610,"date":"2024-08-15T21:51:28","date_gmt":"2024-08-15T18:51:28","guid":{"rendered":"https:\/\/safety-dynamics.com\/chasis-tests\/"},"modified":"2024-08-16T10:07:28","modified_gmt":"2024-08-16T07:07:28","slug":"sasi-testleri","status":"publish","type":"page","link":"https:\/\/safety-dynamics.com\/tr\/sasi-testleri\/","title":{"rendered":"\u015easi Testleri"},"content":{"rendered":"\t\t<div data-elementor-type=\"wp-page\" data-elementor-id=\"610\" class=\"elementor elementor-610 elementor-448\" data-elementor-post-type=\"page\">\n\t\t\t\t<div class=\"elementor-element elementor-element-06a4148 e-flex e-con-boxed e-con e-parent\" data-id=\"06a4148\" data-element_type=\"container\" data-settings=\"{&quot;background_background&quot;:&quot;classic&quot;}\">\n\t\t\t\t\t<div class=\"e-con-inner\">\n\t\t\t\t<div class=\"elementor-element elementor-element-fd2c486 elementor-widget elementor-widget-text-editor\" data-id=\"fd2c486\" data-element_type=\"widget\" data-widget_type=\"text-editor.default\">\n\t\t\t\t<div class=\"elementor-widget-container\">\n\t\t\t\t\t\t\t\t\t\u015easi Testleri\t\t\t\t\t\t\t\t<\/div>\n\t\t\t\t<\/div>\n\t\t\t\t<div class=\"elementor-element elementor-element-48aa440 elementor-widget__width-initial elementor-widget elementor-widget-text-editor\" data-id=\"48aa440\" data-element_type=\"widget\" data-widget_type=\"text-editor.default\">\n\t\t\t\t<div class=\"elementor-widget-container\">\n\t\t\t\t\t\t\t\t\t<p>Ara\u00e7 \u015fasisi \u00e7arp\u0131\u015fma testlerimizle benzersiz g\u00fcvenlik g\u00fcvencesini ke\u015ffedin<\/p>\t\t\t\t\t\t\t\t<\/div>\n\t\t\t\t<\/div>\n\t\t\t\t\t<\/div>\n\t\t\t\t<\/div>\n\t\t<div class=\"elementor-element elementor-element-a95fdb6 e-flex e-con-boxed e-con e-parent\" data-id=\"a95fdb6\" data-element_type=\"container\">\n\t\t\t\t\t<div class=\"e-con-inner\">\n\t\t<div class=\"elementor-element elementor-element-28f5ed6 e-con-full e-flex e-con e-child\" data-id=\"28f5ed6\" data-element_type=\"container\">\n\t\t\t\t<div class=\"elementor-element elementor-element-27546cb elementor-widget elementor-widget-heading\" data-id=\"27546cb\" data-element_type=\"widget\" data-widget_type=\"heading.default\">\n\t\t\t\t<div class=\"elementor-widget-container\">\n\t\t\t\t\t<h1 class=\"elementor-heading-title elementor-size-default\">Sertli\u011fin Sa\u011flad\u0131\u011f\u0131 G\u00fcvenlik<\/h1>\t\t\t\t<\/div>\n\t\t\t\t<\/div>\n\t\t\t\t<div class=\"elementor-element elementor-element-a7ed539 elementor-widget elementor-widget-heading\" data-id=\"a7ed539\" data-element_type=\"widget\" data-widget_type=\"heading.default\">\n\t\t\t\t<div class=\"elementor-widget-container\">\n\t\t\t\t\t<h3 class=\"elementor-heading-title elementor-size-default\">Bu y\u00f6netmelik testleri, arac\u0131n \u00fcst yap\u0131s\u0131n\u0131n dayan\u0131kl\u0131l\u0131\u011f\u0131na ili\u015fkin gereklilikleri belirler. \u00c7arp\u0131\u015fmalar s\u0131ras\u0131nda kar\u015f\u0131la\u015f\u0131lanlar da dahil olmak \u00fczere \u00e7e\u015fitli kuvvetlere dayanmak i\u00e7in \u015fasi ve g\u00f6vdenin yap\u0131sal b\u00fct\u00fcnl\u00fc\u011f\u00fc gibi hususlar\u0131 kapsar.\n<\/h3>\t\t\t\t<\/div>\n\t\t\t\t<\/div>\n\t\t\t\t<div class=\"elementor-element elementor-element-3a3dbcd elementor-widget elementor-widget-text-editor\" data-id=\"3a3dbcd\" data-element_type=\"widget\" data-widget_type=\"text-editor.default\">\n\t\t\t\t<div class=\"elementor-widget-container\">\n\t\t\t\t\t\t\t\t\t<p>Safety Dynamics&#8217;teki ara\u00e7 \u015fasisi \u00e7arp\u0131\u015fma testlerimizle benzersiz g\u00fcvenlik g\u00fcvencesini ke\u015ffedin. Son teknoloji tesislerimiz ve uzman teknisyenlerimiz, ger\u00e7ek d\u00fcnyadaki \u00e7arp\u0131\u015fma senaryolar\u0131n\u0131 sim\u00fcle etmek i\u00e7in titiz de\u011ferlendirmeler yaparak ara\u00e7 \u015fasisinin yap\u0131sal b\u00fct\u00fcnl\u00fc\u011f\u00fcn\u00fc ve dayan\u0131kl\u0131l\u0131\u011f\u0131n\u0131 de\u011ferlendirir. Titiz analizler ve hassas testler sayesinde, otomotiv g\u00fcvenlik standartlar\u0131n\u0131n geli\u015ftirilmesine y\u00f6nelik paha bi\u00e7ilmez bilgiler sa\u011fl\u0131yoruz. \u015easi g\u00fcvenilirli\u011fi ve yolcu korumas\u0131nda en \u00fcst d\u00fczeyde g\u00fcvence sa\u011flamak i\u00e7in \u00c7arp\u0131\u015fma Testi Merkezine g\u00fcvenin. Arac\u0131n\u0131z\u0131n titiz G\u00fcvenlik Dinamikleri testlerinden ge\u00e7ti\u011fini bilmenin huzurunu ya\u015fay\u0131n.<\/p><p>\u015easi b\u00fct\u00fcnl\u00fc\u011f\u00fc, \u00e7arp\u0131\u015fmaya dayan\u0131kl\u0131l\u0131k ve yolcu korumas\u0131 dahil olmak \u00fczere ara\u00e7 yap\u0131s\u0131 ve g\u00fcvenli\u011finin \u00e7e\u015fitli y\u00f6nlerini kapsar. \u00dcreticilerin, ECE d\u00fczenlemelerini tan\u0131yan pazarlarda sat\u0131\u015f i\u00e7in onaylanmadan \u00f6nce ara\u00e7lar\u0131n\u0131n belirtilen g\u00fcvenlik standartlar\u0131n\u0131 kar\u015f\u0131lad\u0131\u011f\u0131ndan emin olmak i\u00e7in genellikle bu d\u00fczenlemelere g\u00f6re testler yapmalar\u0131 gerekir.<\/p>\t\t\t\t\t\t\t\t<\/div>\n\t\t\t\t<\/div>\n\t\t\t\t<\/div>\n\t\t<div class=\"elementor-element elementor-element-ebe1582 e-con-full e-flex e-con e-child\" data-id=\"ebe1582\" data-element_type=\"container\">\n\t\t\t\t<div class=\"elementor-element elementor-element-f73ec40 elementor-widget elementor-widget-image\" data-id=\"f73ec40\" data-element_type=\"widget\" data-widget_type=\"image.default\">\n\t\t\t\t<div class=\"elementor-widget-container\">\n\t\t\t\t\t\t\t\t\t\t\t\t\t\t\t<img fetchpriority=\"high\" decoding=\"async\" width=\"800\" height=\"450\" src=\"https:\/\/safety-dynamics.com\/wp-content\/uploads\/2024\/08\/chassis-test-inline-1024x576-1.jpg\" class=\"attachment-large size-large wp-image-586\" alt=\"\" srcset=\"https:\/\/safety-dynamics.com\/wp-content\/uploads\/2024\/08\/chassis-test-inline-1024x576-1.jpg 1024w, https:\/\/safety-dynamics.com\/wp-content\/uploads\/2024\/08\/chassis-test-inline-1024x576-1-300x169.jpg 300w, https:\/\/safety-dynamics.com\/wp-content\/uploads\/2024\/08\/chassis-test-inline-1024x576-1-768x432.jpg 768w\" sizes=\"(max-width: 800px) 100vw, 800px\" \/>\t\t\t\t\t\t\t\t\t\t\t\t\t\t\t<\/div>\n\t\t\t\t<\/div>\n\t\t\t\t<\/div>\n\t\t\t\t\t<\/div>\n\t\t\t\t<\/div>\n\t\t<div class=\"elementor-element elementor-element-90bbb75 e-flex e-con-boxed e-con e-parent\" data-id=\"90bbb75\" data-element_type=\"container\">\n\t\t\t\t\t<div class=\"e-con-inner\">\n\t\t<div class=\"elementor-element elementor-element-208cdba e-con-full e-flex e-con e-child\" data-id=\"208cdba\" data-element_type=\"container\">\n\t\t\t\t<div class=\"elementor-element elementor-element-9599cc6 elementor-widget elementor-widget-heading\" data-id=\"9599cc6\" data-element_type=\"widget\" data-widget_type=\"heading.default\">\n\t\t\t\t<div class=\"elementor-widget-container\">\n\t\t\t\t\t<h1 class=\"elementor-heading-title elementor-size-default\">\u00d6nemli Noktalar<\/h1>\t\t\t\t<\/div>\n\t\t\t\t<\/div>\n\t\t\t\t<\/div>\n\t\t<div class=\"elementor-element elementor-element-a239c19 e-con-full e-flex e-con e-child\" data-id=\"a239c19\" data-element_type=\"container\">\n\t\t\t\t<div class=\"elementor-element elementor-element-c941f90 elementor-widget elementor-widget-heading\" data-id=\"c941f90\" data-element_type=\"widget\" data-widget_type=\"heading.default\">\n\t\t\t\t<div class=\"elementor-widget-container\">\n\t\t\t\t\t<h3 class=\"elementor-heading-title elementor-size-default\">Yap\u0131sal B\u00fct\u00fcnl\u00fck<\/h3>\t\t\t\t<\/div>\n\t\t\t\t<\/div>\n\t\t\t\t<div class=\"elementor-element elementor-element-9509f73 elementor-widget elementor-widget-text-editor\" data-id=\"9509f73\" data-element_type=\"widget\" data-widget_type=\"text-editor.default\">\n\t\t\t\t<div class=\"elementor-widget-container\">\n\t\t\t\t\t\t\t\t\t<div class=\"elementor-element elementor-element-6cdfdc71 e-con-full e-flex e-con e-child\" data-id=\"6cdfdc71\" data-element_type=\"container\"><div class=\"elementor-element elementor-element-5c754710 animated-slow elementor-widget elementor-widget-icon-box animated fadeIn\" data-id=\"5c754710\" data-element_type=\"widget\" data-settings=\"{&quot;_animation&quot;:&quot;fadeIn&quot;,&quot;_animation_delay&quot;:&quot;100&quot;}\" data-widget_type=\"icon-box.default\"><div class=\"elementor-widget-container\"><div class=\"elementor-icon-box-wrapper\"><div class=\"elementor-icon-box-content\"><p>\u015easi testleri, arac\u0131n \u015fasisinin ve destekleyici yap\u0131lar\u0131n\u0131n g\u00fcc\u00fcn\u00fc ve sa\u011flaml\u0131\u011f\u0131n\u0131 de\u011ferlendirir. Bu, normal \u00e7al\u0131\u015fma s\u0131ras\u0131nda ve bir \u00e7arp\u0131\u015fma durumunda kar\u015f\u0131la\u015f\u0131lan gerilimlere dayanabilmesini sa\u011flamak i\u00e7in \u015fasinin statik ve dinamik kuvvetler de dahil olmak \u00fczere \u00e7e\u015fitli y\u00fcklere maruz b\u0131rak\u0131lmas\u0131n\u0131 i\u00e7erir.<\/p><p>\u00a0<\/p><\/div><\/div><\/div><\/div><\/div>\t\t\t\t\t\t\t\t<\/div>\n\t\t\t\t<\/div>\n\t\t\t\t<\/div>\n\t\t<div class=\"elementor-element elementor-element-02ac456 e-con-full e-flex e-con e-child\" data-id=\"02ac456\" data-element_type=\"container\">\n\t\t\t\t<div class=\"elementor-element elementor-element-eae595a elementor-widget elementor-widget-heading\" data-id=\"eae595a\" data-element_type=\"widget\" data-widget_type=\"heading.default\">\n\t\t\t\t<div class=\"elementor-widget-container\">\n\t\t\t\t\t<h3 class=\"elementor-heading-title elementor-size-default\">Dayan\u0131kl\u0131l\u0131k<\/h3>\t\t\t\t<\/div>\n\t\t\t\t<\/div>\n\t\t\t\t<div class=\"elementor-element elementor-element-38e5d00 elementor-widget elementor-widget-text-editor\" data-id=\"38e5d00\" data-element_type=\"widget\" data-widget_type=\"text-editor.default\">\n\t\t\t\t<div class=\"elementor-widget-container\">\n\t\t\t\t\t\t\t\t\t<div class=\"elementor-element elementor-element-75898147 e-con-full e-flex e-con e-child\" data-id=\"75898147\" data-element_type=\"container\"><div class=\"elementor-element elementor-element-65f6d559 animated-slow elementor-widget elementor-widget-icon-box animated fadeIn\" data-id=\"65f6d559\" data-element_type=\"widget\" data-settings=\"{&quot;_animation&quot;:&quot;fadeIn&quot;,&quot;_animation_delay&quot;:&quot;100&quot;}\" data-widget_type=\"icon-box.default\"><div class=\"elementor-widget-container\"><div class=\"elementor-icon-box-wrapper\"><div class=\"elementor-icon-box-content\"><p>\u015easi testi, arac\u0131n \u015fasisinin titre\u015fimlere, yol \u015foklar\u0131na ve s\u0131cakl\u0131k ve nem gibi \u00e7evresel fakt\u00f6rlere maruz kalma gibi ger\u00e7ek d\u00fcnya ko\u015fullar\u0131 alt\u0131nda dayan\u0131kl\u0131l\u0131\u011f\u0131n\u0131 de\u011ferlendirir. Dayan\u0131kl\u0131l\u0131k testleri, \u015fasinin arac\u0131n kullan\u0131m \u00f6mr\u00fc boyunca yap\u0131sal b\u00fct\u00fcnl\u00fc\u011f\u00fcn\u00fc korumas\u0131n\u0131 sa\u011flamaya yard\u0131mc\u0131 olur.<\/p><p>\u00a0<\/p><\/div><\/div><\/div><\/div><\/div>\t\t\t\t\t\t\t\t<\/div>\n\t\t\t\t<\/div>\n\t\t\t\t<\/div>\n\t\t<div class=\"elementor-element elementor-element-8fc5e54 e-con-full e-flex e-con e-child\" data-id=\"8fc5e54\" data-element_type=\"container\">\n\t\t\t\t<div class=\"elementor-element elementor-element-40cf8c0 elementor-widget elementor-widget-heading\" data-id=\"40cf8c0\" data-element_type=\"widget\" data-widget_type=\"heading.default\">\n\t\t\t\t<div class=\"elementor-widget-container\">\n\t\t\t\t\t<h3 class=\"elementor-heading-title elementor-size-default\">\u00c7arp\u0131\u015fmaya Uygunluk<\/h3>\t\t\t\t<\/div>\n\t\t\t\t<\/div>\n\t\t\t\t<div class=\"elementor-element elementor-element-69ac11c elementor-widget elementor-widget-text-editor\" data-id=\"69ac11c\" data-element_type=\"widget\" data-widget_type=\"text-editor.default\">\n\t\t\t\t<div class=\"elementor-widget-container\">\n\t\t\t\t\t\t\t\t\t<div class=\"elementor-element elementor-element-4fee211d e-con-full e-flex e-con e-child\" data-id=\"4fee211d\" data-element_type=\"container\"><div class=\"elementor-element elementor-element-39cff1a6 animated-slow elementor-widget elementor-widget-icon-box animated fadeIn\" data-id=\"39cff1a6\" data-element_type=\"widget\" data-settings=\"{&quot;_animation&quot;:&quot;fadeIn&quot;,&quot;_animation_delay&quot;:&quot;100&quot;}\" data-widget_type=\"icon-box.default\"><div class=\"elementor-widget-container\"><div class=\"elementor-icon-box-wrapper\"><div class=\"elementor-icon-box-content\"><p>\u015easi testleri, arac\u0131n \u015fasisinin \u00e7arp\u0131\u015fmalar s\u0131ras\u0131nda yolcular\u0131 ne kadar iyi korudu\u011funu de\u011ferlendirmek i\u00e7in \u00e7arp\u0131\u015fma sim\u00fclasyonlar\u0131n\u0131 i\u00e7erir. Bu, \u015fasinin enerjiyi emme ve kuvvetleri yolcu b\u00f6lmesinden uza\u011fa da\u011f\u0131tarak yolcular\u0131n yaralanma riskini en aza indirme yetene\u011fini de\u011ferlendirmek i\u00e7in \u00f6nden, yandan ve arkadan darbe testlerinin yap\u0131lmas\u0131n\u0131 i\u00e7erir.<\/p><p>\u00a0<\/p><\/div><\/div><\/div><\/div><\/div>\t\t\t\t\t\t\t\t<\/div>\n\t\t\t\t<\/div>\n\t\t\t\t<\/div>\n\t\t<div class=\"elementor-element elementor-element-dddd494 e-con-full elementor-hidden-tablet elementor-hidden-mobile e-flex e-con e-child\" data-id=\"dddd494\" data-element_type=\"container\">\n\t\t\t\t<\/div>\n\t\t<div class=\"elementor-element elementor-element-14565ad e-con-full e-flex e-con e-child\" data-id=\"14565ad\" data-element_type=\"container\">\n\t\t\t\t<div class=\"elementor-element elementor-element-510aa8f elementor-widget elementor-widget-heading\" data-id=\"510aa8f\" data-element_type=\"widget\" data-widget_type=\"heading.default\">\n\t\t\t\t<div class=\"elementor-widget-container\">\n\t\t\t\t\t<h3 class=\"elementor-heading-title elementor-size-default\">Stabilite ve Kullan\u0131m<\/h3>\t\t\t\t<\/div>\n\t\t\t\t<\/div>\n\t\t\t\t<div class=\"elementor-element elementor-element-80a8ec6 elementor-widget elementor-widget-text-editor\" data-id=\"80a8ec6\" data-element_type=\"widget\" data-widget_type=\"text-editor.default\">\n\t\t\t\t<div class=\"elementor-widget-container\">\n\t\t\t\t\t\t\t\t\t<div class=\"elementor-element elementor-element-7129320a e-con-full e-flex e-con e-child\" data-id=\"7129320a\" data-element_type=\"container\"><div class=\"elementor-element elementor-element-43067daa animated-slow elementor-widget elementor-widget-icon-box animated fadeIn\" data-id=\"43067daa\" data-element_type=\"widget\" data-settings=\"{&quot;_animation&quot;:&quot;fadeIn&quot;,&quot;_animation_delay&quot;:&quot;100&quot;}\" data-widget_type=\"icon-box.default\"><div class=\"elementor-widget-container\"><div class=\"elementor-icon-box-wrapper\"><div class=\"elementor-icon-box-content\"><p>\u015easi testleri viraj alma, frenleme ve ka\u00e7\u0131nma manevralar\u0131 gibi manevralar s\u0131ras\u0131nda kontrol\u00fc sa\u011flama becerisi de dahil olmak \u00fczere arac\u0131n denge ve yol tutu\u015f \u00f6zelliklerini de\u011ferlendirir. Testler s\u00fcspansiyon tasar\u0131m\u0131, direksiyon tepkisi ve genel ara\u00e7 dinamikleri gibi fakt\u00f6rlerin de\u011ferlendirilmesini i\u00e7erebilir.<\/p><p>\u00a0<\/p><\/div><\/div><\/div><\/div><\/div>\t\t\t\t\t\t\t\t<\/div>\n\t\t\t\t<\/div>\n\t\t\t\t<\/div>\n\t\t<div class=\"elementor-element elementor-element-ba11d4f e-con-full e-flex e-con e-child\" data-id=\"ba11d4f\" data-element_type=\"container\">\n\t\t\t\t<div class=\"elementor-element elementor-element-9a8cc84 elementor-widget elementor-widget-heading\" data-id=\"9a8cc84\" data-element_type=\"widget\" data-widget_type=\"heading.default\">\n\t\t\t\t<div class=\"elementor-widget-container\">\n\t\t\t\t\t<h3 class=\"elementor-heading-title elementor-size-default\">G\u00fcr\u00fclt\u00fc, Titre\u015fim ve Sertlik (NVH)<\/h3>\t\t\t\t<\/div>\n\t\t\t\t<\/div>\n\t\t\t\t<div class=\"elementor-element elementor-element-5f0bc2f elementor-widget elementor-widget-text-editor\" data-id=\"5f0bc2f\" data-element_type=\"widget\" data-widget_type=\"text-editor.default\">\n\t\t\t\t<div class=\"elementor-widget-container\">\n\t\t\t\t\t\t\t\t\t<div class=\"elementor-element elementor-element-28ccfc8a e-con-full e-flex e-con e-child\" data-id=\"28ccfc8a\" data-element_type=\"container\"><div class=\"elementor-element elementor-element-471e906 animated-slow elementor-widget elementor-widget-icon-box animated fadeIn\" data-id=\"471e906\" data-element_type=\"widget\" data-settings=\"{&quot;_animation&quot;:&quot;fadeIn&quot;,&quot;_animation_delay&quot;:&quot;100&quot;}\" data-widget_type=\"icon-box.default\"><div class=\"elementor-widget-container\"><div class=\"elementor-icon-box-wrapper\"><div class=\"elementor-icon-box-content\"><p class=\"elementor-icon-box-description\">\u015easi testleri, yolcular i\u00e7in konforlu ve sessiz bir s\u00fcr\u00fc\u015f sa\u011flamak amac\u0131yla g\u00fcr\u00fclt\u00fc, titre\u015fim ve sertlik \u00f6zelliklerinin de\u011ferlendirilmesini i\u00e7erir. Bu, potansiyel rahats\u0131zl\u0131k veya dikkat da\u011f\u0131n\u0131kl\u0131\u011f\u0131 kaynaklar\u0131n\u0131 belirlemek ve ele almak i\u00e7in \u015fasi rezonans\u0131, titre\u015fim seviyeleri ve g\u00fcr\u00fclt\u00fc iletimi gibi fakt\u00f6rlerin \u00f6l\u00e7\u00fclmesini ve analiz edilmesini i\u00e7erir.<\/p><\/div><\/div><\/div><\/div><\/div>\t\t\t\t\t\t\t\t<\/div>\n\t\t\t\t<\/div>\n\t\t\t\t<\/div>\n\t\t\t\t\t<\/div>\n\t\t\t\t<\/div>\n\t\t<div class=\"elementor-element elementor-element-32cfa48 e-flex e-con-boxed e-con e-parent\" data-id=\"32cfa48\" data-element_type=\"container\">\n\t\t\t\t\t<div class=\"e-con-inner\">\n\t\t\t\t<div class=\"elementor-element elementor-element-82b785a elementor-widget elementor-widget-template\" data-id=\"82b785a\" data-element_type=\"widget\" data-widget_type=\"template.default\">\n\t\t\t\t<div class=\"elementor-widget-container\">\n\t\t\t\t\t\t\t<div class=\"elementor-template\">\n\t\t\t\t\t<div data-elementor-type=\"section\" data-elementor-id=\"607\" class=\"elementor elementor-607 elementor-410\" data-elementor-post-type=\"elementor_library\">\n\t\t\t<div class=\"elementor-element elementor-element-01d9472 e-flex e-con-boxed e-con e-parent\" data-id=\"01d9472\" data-element_type=\"container\">\n\t\t\t\t\t<div class=\"e-con-inner\">\n\t\t\t\t<div class=\"elementor-element elementor-element-74b8833 elementor-widget__width-inherit elementor-widget elementor-widget-heading\" data-id=\"74b8833\" data-element_type=\"widget\" data-widget_type=\"heading.default\">\n\t\t\t\t<div class=\"elementor-widget-container\">\n\t\t\t\t\t<h1 class=\"elementor-heading-title elementor-size-default\">Safety Dynamics ile \u00c7al\u0131\u015fman\u0131n Avantajlar\u0131<\/h1>\t\t\t\t<\/div>\n\t\t\t\t<\/div>\n\t\t<div class=\"elementor-element elementor-element-1378982 e-con-full e-flex e-con e-child\" data-id=\"1378982\" data-element_type=\"container\">\n\t\t\t\t<div class=\"elementor-element elementor-element-589b58f elementor-widget elementor-widget-image\" data-id=\"589b58f\" data-element_type=\"widget\" data-widget_type=\"image.default\">\n\t\t\t\t<div class=\"elementor-widget-container\">\n\t\t\t\t\t\t\t\t\t\t\t\t\t\t\t<img decoding=\"async\" width=\"800\" height=\"800\" src=\"https:\/\/safety-dynamics.com\/wp-content\/uploads\/2024\/08\/schedule-1536x1536-1-1024x1024.png\" class=\"attachment-large size-large wp-image-576\" alt=\"\" srcset=\"https:\/\/safety-dynamics.com\/wp-content\/uploads\/2024\/08\/schedule-1536x1536-1-1024x1024.png 1024w, https:\/\/safety-dynamics.com\/wp-content\/uploads\/2024\/08\/schedule-1536x1536-1-300x300.png 300w, https:\/\/safety-dynamics.com\/wp-content\/uploads\/2024\/08\/schedule-1536x1536-1-150x150.png 150w, https:\/\/safety-dynamics.com\/wp-content\/uploads\/2024\/08\/schedule-1536x1536-1-768x768.png 768w, https:\/\/safety-dynamics.com\/wp-content\/uploads\/2024\/08\/schedule-1536x1536-1.png 1536w\" sizes=\"(max-width: 800px) 100vw, 800px\" \/>\t\t\t\t\t\t\t\t\t\t\t\t\t\t\t<\/div>\n\t\t\t\t<\/div>\n\t\t\t\t<div class=\"elementor-element elementor-element-4ea1b51 elementor-widget elementor-widget-heading\" data-id=\"4ea1b51\" data-element_type=\"widget\" data-widget_type=\"heading.default\">\n\t\t\t\t<div class=\"elementor-widget-container\">\n\t\t\t\t\t<h3 class=\"elementor-heading-title elementor-size-default\">K\u0131sa Rezervasyon D\u00f6nemleri<\/h3>\t\t\t\t<\/div>\n\t\t\t\t<\/div>\n\t\t\t\t<div class=\"elementor-element elementor-element-ccc6094 elementor-widget elementor-widget-text-editor\" data-id=\"ccc6094\" data-element_type=\"widget\" data-widget_type=\"text-editor.default\">\n\t\t\t\t<div class=\"elementor-widget-container\">\n\t\t\t\t\t\t\t\t\tHizmetlerimizi k\u0131sa bir zaman \u00e7izelgesi i\u00e7inde sunuyoruz. Bu size zaman avantaj\u0131 sa\u011flar ve test sonu\u00e7lar\u0131n\u0131 daha h\u0131zl\u0131 alman\u0131z\u0131 sa\u011flar. (Testler aras\u0131nda 10 dakikadan az!)\t\t\t\t\t\t\t\t<\/div>\n\t\t\t\t<\/div>\n\t\t\t\t<\/div>\n\t\t<div class=\"elementor-element elementor-element-97db464 e-con-full e-flex e-con e-child\" data-id=\"97db464\" data-element_type=\"container\">\n\t\t\t\t<div class=\"elementor-element elementor-element-fa19075 elementor-widget elementor-widget-image\" data-id=\"fa19075\" data-element_type=\"widget\" data-widget_type=\"image.default\">\n\t\t\t\t<div class=\"elementor-widget-container\">\n\t\t\t\t\t\t\t\t\t\t\t\t\t\t\t<img decoding=\"async\" width=\"800\" height=\"800\" src=\"https:\/\/safety-dynamics.com\/wp-content\/uploads\/2024\/08\/location-rev-1536x1536-1-1024x1024.png\" class=\"attachment-large size-large wp-image-577\" alt=\"\" srcset=\"https:\/\/safety-dynamics.com\/wp-content\/uploads\/2024\/08\/location-rev-1536x1536-1-1024x1024.png 1024w, https:\/\/safety-dynamics.com\/wp-content\/uploads\/2024\/08\/location-rev-1536x1536-1-300x300.png 300w, https:\/\/safety-dynamics.com\/wp-content\/uploads\/2024\/08\/location-rev-1536x1536-1-150x150.png 150w, https:\/\/safety-dynamics.com\/wp-content\/uploads\/2024\/08\/location-rev-1536x1536-1-768x768.png 768w, https:\/\/safety-dynamics.com\/wp-content\/uploads\/2024\/08\/location-rev-1536x1536-1.png 1536w\" sizes=\"(max-width: 800px) 100vw, 800px\" \/>\t\t\t\t\t\t\t\t\t\t\t\t\t\t\t<\/div>\n\t\t\t\t<\/div>\n\t\t\t\t<div class=\"elementor-element elementor-element-cc72474 elementor-widget elementor-widget-heading\" data-id=\"cc72474\" data-element_type=\"widget\" data-widget_type=\"heading.default\">\n\t\t\t\t<div class=\"elementor-widget-container\">\n\t\t\t\t\t<h3 class=\"elementor-heading-title elementor-size-default\">Konum ve Ula\u015f\u0131m<\/h3>\t\t\t\t<\/div>\n\t\t\t\t<\/div>\n\t\t\t\t<div class=\"elementor-element elementor-element-c66865e elementor-widget elementor-widget-text-editor\" data-id=\"c66865e\" data-element_type=\"widget\" data-widget_type=\"text-editor.default\">\n\t\t\t\t<div class=\"elementor-widget-container\">\n\t\t\t\t\t\t\t\t\t\u00d6nemli bir jeolojik alana dayan\u0131yoruz.\t\t\t\t\t\t\t\t<\/div>\n\t\t\t\t<\/div>\n\t\t\t\t<\/div>\n\t\t<div class=\"elementor-element elementor-element-6e51215 e-con-full e-flex e-con e-child\" data-id=\"6e51215\" data-element_type=\"container\">\n\t\t\t\t<div class=\"elementor-element elementor-element-9d794bc elementor-widget elementor-widget-image\" data-id=\"9d794bc\" data-element_type=\"widget\" data-widget_type=\"image.default\">\n\t\t\t\t<div class=\"elementor-widget-container\">\n\t\t\t\t\t\t\t\t\t\t\t\t\t\t\t<img loading=\"lazy\" decoding=\"async\" width=\"800\" height=\"800\" src=\"https:\/\/safety-dynamics.com\/wp-content\/uploads\/2024\/08\/testing-f-1536x1536-1-1024x1024.png\" class=\"attachment-large size-large wp-image-578\" alt=\"\" srcset=\"https:\/\/safety-dynamics.com\/wp-content\/uploads\/2024\/08\/testing-f-1536x1536-1-1024x1024.png 1024w, https:\/\/safety-dynamics.com\/wp-content\/uploads\/2024\/08\/testing-f-1536x1536-1-300x300.png 300w, https:\/\/safety-dynamics.com\/wp-content\/uploads\/2024\/08\/testing-f-1536x1536-1-150x150.png 150w, https:\/\/safety-dynamics.com\/wp-content\/uploads\/2024\/08\/testing-f-1536x1536-1-768x768.png 768w, https:\/\/safety-dynamics.com\/wp-content\/uploads\/2024\/08\/testing-f-1536x1536-1.png 1536w\" sizes=\"(max-width: 800px) 100vw, 800px\" \/>\t\t\t\t\t\t\t\t\t\t\t\t\t\t\t<\/div>\n\t\t\t\t<\/div>\n\t\t\t\t<div class=\"elementor-element elementor-element-80e222e elementor-widget elementor-widget-heading\" data-id=\"80e222e\" data-element_type=\"widget\" data-widget_type=\"heading.default\">\n\t\t\t\t<div class=\"elementor-widget-container\">\n\t\t\t\t\t<h3 class=\"elementor-heading-title elementor-size-default\">Y\u00fcksek Teknoloji Ekipmanlar<\/h3>\t\t\t\t<\/div>\n\t\t\t\t<\/div>\n\t\t\t\t<div class=\"elementor-element elementor-element-5bad448 elementor-widget elementor-widget-text-editor\" data-id=\"5bad448\" data-element_type=\"widget\" data-widget_type=\"text-editor.default\">\n\t\t\t\t<div class=\"elementor-widget-container\">\n\t\t\t\t\t\t\t\t\tEn son teknoloji ve y\u00f6netmeliklere uygun son teknoloji ekipmanlara sahibiz.\n\n\t\t\t\t\t\t\t\t<\/div>\n\t\t\t\t<\/div>\n\t\t\t\t<\/div>\n\t\t\t\t\t<\/div>\n\t\t\t\t<\/div>\n\t\t\t\t<\/div>\n\t\t\t\t<\/div>\n\t\t\t\t\t\t<\/div>\n\t\t\t\t<\/div>\n\t\t\t\t\t<\/div>\n\t\t\t\t<\/div>\n\t\t\t\t<\/div>\n\t\t","protected":false},"excerpt":{"rendered":"<p>Ara\u00e7 \u015fasisi \u00e7arp\u0131\u015fma testlerimizle benzersiz g\u00fcvenlik g\u00fcvencesini ke\u015ffedin Sertli\u011fin Sa\u011flad\u0131\u011f\u0131 G\u00fcvenlik Bu y\u00f6netmelik testleri, arac\u0131n \u00fcst yap\u0131s\u0131n\u0131n dayan\u0131kl\u0131l\u0131\u011f\u0131na ili\u015fkin gereklilikleri belirler. \u00c7arp\u0131\u015fmalar s\u0131ras\u0131nda kar\u015f\u0131la\u015f\u0131lanlar da dahil olmak \u00fczere \u00e7e\u015fitli kuvvetlere dayanmak i\u00e7in \u015fasi ve g\u00f6vdenin yap\u0131sal b\u00fct\u00fcnl\u00fc\u011f\u00fc gibi hususlar\u0131 kapsar. Safety Dynamics&#8217;teki ara\u00e7 \u015fasisi \u00e7arp\u0131\u015fma testlerimizle benzersiz g\u00fcvenlik g\u00fcvencesini ke\u015ffedin. Son teknoloji tesislerimiz ve uzman [&hellip;]<\/p>\n","protected":false},"author":1,"featured_media":0,"parent":0,"menu_order":3,"comment_status":"closed","ping_status":"closed","template":"","meta":{"inline_featured_image":false,"footnotes":""},"class_list":["post-610","page","type-page","status-publish","hentry"],"_links":{"self":[{"href":"https:\/\/safety-dynamics.com\/tr\/wp-json\/wp\/v2\/pages\/610","targetHints":{"allow":["GET"]}}],"collection":[{"href":"https:\/\/safety-dynamics.com\/tr\/wp-json\/wp\/v2\/pages"}],"about":[{"href":"https:\/\/safety-dynamics.com\/tr\/wp-json\/wp\/v2\/types\/page"}],"author":[{"embeddable":true,"href":"https:\/\/safety-dynamics.com\/tr\/wp-json\/wp\/v2\/users\/1"}],"replies":[{"embeddable":true,"href":"https:\/\/safety-dynamics.com\/tr\/wp-json\/wp\/v2\/comments?post=610"}],"version-history":[{"count":10,"href":"https:\/\/safety-dynamics.com\/tr\/wp-json\/wp\/v2\/pages\/610\/revisions"}],"predecessor-version":[{"id":811,"href":"https:\/\/safety-dynamics.com\/tr\/wp-json\/wp\/v2\/pages\/610\/revisions\/811"}],"wp:attachment":[{"href":"https:\/\/safety-dynamics.com\/tr\/wp-json\/wp\/v2\/media?parent=610"}],"curies":[{"name":"wp","href":"https:\/\/api.w.org\/{rel}","templated":true}]}}