{"id":611,"date":"2024-08-15T21:51:28","date_gmt":"2024-08-15T18:51:28","guid":{"rendered":"https:\/\/safety-dynamics.com\/ev-battery-tests\/"},"modified":"2024-08-16T10:05:55","modified_gmt":"2024-08-16T07:05:55","slug":"elektrikli-arac-batarya-testleri","status":"publish","type":"page","link":"https:\/\/safety-dynamics.com\/tr\/elektrikli-arac-batarya-testleri\/","title":{"rendered":"Elektrikli Ara\u00e7 Batarya Testleri"},"content":{"rendered":"\t\t<div data-elementor-type=\"wp-page\" data-elementor-id=\"611\" class=\"elementor elementor-611 elementor-452\" data-elementor-post-type=\"page\">\n\t\t\t\t<div class=\"elementor-element elementor-element-06a4148 e-flex e-con-boxed e-con e-parent\" data-id=\"06a4148\" data-element_type=\"container\" data-settings=\"{&quot;background_background&quot;:&quot;classic&quot;}\">\n\t\t\t\t\t<div class=\"e-con-inner\">\n\t\t\t\t<div class=\"elementor-element elementor-element-fd2c486 elementor-widget elementor-widget-text-editor\" data-id=\"fd2c486\" data-element_type=\"widget\" data-widget_type=\"text-editor.default\">\n\t\t\t\t<div class=\"elementor-widget-container\">\n\t\t\t\t\t\t\t\t\tElektrikli Ara\u00e7 Batarya Testleri\t\t\t\t\t\t\t\t<\/div>\n\t\t\t\t<\/div>\n\t\t\t\t<div class=\"elementor-element elementor-element-48aa440 elementor-widget__width-initial elementor-widget elementor-widget-text-editor\" data-id=\"48aa440\" data-element_type=\"widget\" data-widget_type=\"text-editor.default\">\n\t\t\t\t<div class=\"elementor-widget-container\">\n\t\t\t\t\t\t\t\t\t<div class=\"elementor-element elementor-element-548aa03 e-con-full e-flex e-con e-parent e-lazyloaded\" data-id=\"548aa03\" data-element_type=\"container\" data-settings=\"{&quot;background_background&quot;:&quot;classic&quot;}\">\n<div class=\"elementor-element elementor-element-d5c2d1d elementor-widget__width-inherit elementor-widget-mobile__width-inherit elementor-widget elementor-widget-text-editor\" data-id=\"d5c2d1d\" data-element_type=\"widget\" data-widget_type=\"text-editor.default\">\n<div class=\"elementor-widget-container\">\n<p>Yol G\u00fcvenli\u011finde Emniyet ve G\u00fcvenilirli\u011fin Sa\u011flanmas\u0131na Y\u00f6nelik Hizmetler<\/p>\n<\/div>\n<\/div>\n<\/div>\t\t\t\t\t\t\t\t<\/div>\n\t\t\t\t<\/div>\n\t\t\t\t\t<\/div>\n\t\t\t\t<\/div>\n\t\t<div class=\"elementor-element elementor-element-a95fdb6 e-flex e-con-boxed e-con e-parent\" data-id=\"a95fdb6\" data-element_type=\"container\">\n\t\t\t\t\t<div class=\"e-con-inner\">\n\t\t<div class=\"elementor-element elementor-element-28f5ed6 e-con-full e-flex e-con e-child\" data-id=\"28f5ed6\" data-element_type=\"container\">\n\t\t\t\t<div class=\"elementor-element elementor-element-27546cb elementor-widget elementor-widget-heading\" data-id=\"27546cb\" data-element_type=\"widget\" data-widget_type=\"heading.default\">\n\t\t\t\t<div class=\"elementor-widget-container\">\n\t\t\t\t\t<h1 class=\"elementor-heading-title elementor-size-default\">Yeni Nesil Ara\u00e7lar<\/h1>\t\t\t\t<\/div>\n\t\t\t\t<\/div>\n\t\t\t\t<div class=\"elementor-element elementor-element-a7ed539 elementor-widget elementor-widget-heading\" data-id=\"a7ed539\" data-element_type=\"widget\" data-widget_type=\"heading.default\">\n\t\t\t\t<div class=\"elementor-widget-container\">\n\t\t\t\t\t<h3 class=\"elementor-heading-title elementor-size-default\">Safety Dynamics, gerekli t\u00fcm k\u00fcresel ak\u00fc standartlar\u0131na ve y\u00f6netmeliklerine uyman\u0131z\u0131 sa\u011flamak i\u00e7in g\u00fcvenilir elektrikli ara\u00e7 ak\u00fc test hizmetleri sunar.\n<\/h3>\t\t\t\t<\/div>\n\t\t\t\t<\/div>\n\t\t\t\t<div class=\"elementor-element elementor-element-3a3dbcd elementor-widget elementor-widget-text-editor\" data-id=\"3a3dbcd\" data-element_type=\"widget\" data-widget_type=\"text-editor.default\">\n\t\t\t\t<div class=\"elementor-widget-container\">\n\t\t\t\t\t\t\t\t\t<p>Geli\u015fmi\u015f tesislerimiz ve uzman teknisyenlerimiz, elektrikli ara\u00e7 batarya sistemlerinin b\u00fct\u00fcnl\u00fc\u011f\u00fcn\u00fc ve dayan\u0131kl\u0131l\u0131\u011f\u0131n\u0131 de\u011ferlendirmek i\u00e7in zorlu \u00e7arp\u0131\u015fma testleri ger\u00e7ekle\u015ftirmektedir. Darbe sim\u00fclasyonlar\u0131ndan termal ka\u00e7ak senaryolar\u0131na kadar, en y\u00fcksek g\u00fcvenlik ve performans standartlar\u0131n\u0131 sa\u011fl\u0131yoruz. Elektrikli ara\u00e7 teknolojisinin ilerlemesine katk\u0131da bulunarak elektrikli ara\u00e7 ak\u00fc g\u00fcvenli\u011fi hakk\u0131nda paha bi\u00e7ilmez bilgiler sa\u011flamak i\u00e7in Crash Test Center&#8217;a g\u00fcvenin. Kapsaml\u0131 testlerimiz sayesinde elektrikli ara\u00e7 ak\u00fclerinin g\u00fcvenilirli\u011fine ve dayan\u0131kl\u0131l\u0131\u011f\u0131na g\u00fcvenebilirsiniz. Safety Dynamics ile otomotiv g\u00fcvenli\u011finin gelece\u011fini ke\u015ffedin. \u00c7al\u0131\u015fma \u00f6m\u00fcrleri boyunca, ak\u00fcler ve ba\u011flant\u0131lar ve so\u011futma sistemleri gibi ilgili bile\u015fenleri bozulmaya u\u011frayacakt\u0131r. Bu bozulma, ak\u00fc performans\u0131n\u0131n d\u00fc\u015fmesinden tamamen ar\u0131zalanmas\u0131na kadar bir dizi soruna yol a\u00e7abilir. Ayr\u0131ca, elektrikli ve hibrit ara\u00e7 ak\u00fcleri \u00e7e\u015fitli boyutlarda, \u015fekillerde, a\u011f\u0131rl\u0131klarda ve kimyasal bile\u015fimlerde olup dayan\u0131kl\u0131l\u0131k, g\u00fcvenlik ve g\u00fcvenilirlik sa\u011flamak i\u00e7in kapsaml\u0131 testler yapman\u0131n \u00f6nemini vurgulamaktad\u0131r.<\/p>\t\t\t\t\t\t\t\t<\/div>\n\t\t\t\t<\/div>\n\t\t\t\t<\/div>\n\t\t<div class=\"elementor-element elementor-element-ebe1582 e-con-full e-flex e-con e-child\" data-id=\"ebe1582\" data-element_type=\"container\">\n\t\t\t\t<div class=\"elementor-element elementor-element-f73ec40 elementor-widget elementor-widget-image\" data-id=\"f73ec40\" data-element_type=\"widget\" data-widget_type=\"image.default\">\n\t\t\t\t<div class=\"elementor-widget-container\">\n\t\t\t\t\t\t\t\t\t\t\t\t\t\t\t<img fetchpriority=\"high\" decoding=\"async\" width=\"800\" height=\"533\" src=\"https:\/\/safety-dynamics.com\/wp-content\/uploads\/2024\/08\/ev-inline-1024x682-1.jpg\" class=\"attachment-large size-large wp-image-588\" alt=\"\" srcset=\"https:\/\/safety-dynamics.com\/wp-content\/uploads\/2024\/08\/ev-inline-1024x682-1.jpg 1024w, https:\/\/safety-dynamics.com\/wp-content\/uploads\/2024\/08\/ev-inline-1024x682-1-300x200.jpg 300w, https:\/\/safety-dynamics.com\/wp-content\/uploads\/2024\/08\/ev-inline-1024x682-1-768x512.jpg 768w\" sizes=\"(max-width: 800px) 100vw, 800px\" \/>\t\t\t\t\t\t\t\t\t\t\t\t\t\t\t<\/div>\n\t\t\t\t<\/div>\n\t\t\t\t<\/div>\n\t\t\t\t\t<\/div>\n\t\t\t\t<\/div>\n\t\t<div class=\"elementor-element elementor-element-90bbb75 e-flex e-con-boxed e-con e-parent\" data-id=\"90bbb75\" data-element_type=\"container\">\n\t\t\t\t\t<div class=\"e-con-inner\">\n\t\t<div class=\"elementor-element elementor-element-208cdba e-con-full e-flex e-con e-child\" data-id=\"208cdba\" data-element_type=\"container\">\n\t\t\t\t<div class=\"elementor-element elementor-element-9599cc6 elementor-widget elementor-widget-heading\" data-id=\"9599cc6\" data-element_type=\"widget\" data-widget_type=\"heading.default\">\n\t\t\t\t<div class=\"elementor-widget-container\">\n\t\t\t\t\t<h1 class=\"elementor-heading-title elementor-size-default\">\u00d6nemli Noktalar<\/h1>\t\t\t\t<\/div>\n\t\t\t\t<\/div>\n\t\t\t\t<\/div>\n\t\t<div class=\"elementor-element elementor-element-a239c19 e-con-full e-flex e-con e-child\" data-id=\"a239c19\" data-element_type=\"container\">\n\t\t\t\t<div class=\"elementor-element elementor-element-c941f90 elementor-widget elementor-widget-heading\" data-id=\"c941f90\" data-element_type=\"widget\" data-widget_type=\"heading.default\">\n\t\t\t\t<div class=\"elementor-widget-container\">\n\t\t\t\t\t<h3 class=\"elementor-heading-title elementor-size-default\">Darbe Dayan\u0131m\u0131<\/h3>\t\t\t\t<\/div>\n\t\t\t\t<\/div>\n\t\t\t\t<div class=\"elementor-element elementor-element-9509f73 elementor-widget elementor-widget-text-editor\" data-id=\"9509f73\" data-element_type=\"widget\" data-widget_type=\"text-editor.default\">\n\t\t\t\t<div class=\"elementor-widget-container\">\n\t\t\t\t\t\t\t\t\t<p>\u00c7arp\u0131\u015fma testleri, ak\u00fcn\u00fcn bir \u00e7arp\u0131\u015fma s\u0131ras\u0131nda darbe kuvvetlerine dayanma kabiliyetini de\u011ferlendirir. Buna \u00f6nden, yandan ve arkadan \u00e7arpma senaryolar\u0131n\u0131n yan\u0131 s\u0131ra devrilme testleri de dahildir. Batarya paketinin muhafazas\u0131 ve yap\u0131sal b\u00fct\u00fcnl\u00fc\u011f\u00fc, deformasyona ve harici nesneler taraf\u0131ndan delinmeye kar\u015f\u0131 direncini belirlemek i\u00e7in de\u011ferlendirilir.<\/p>\t\t\t\t\t\t\t\t<\/div>\n\t\t\t\t<\/div>\n\t\t\t\t<\/div>\n\t\t<div class=\"elementor-element elementor-element-02ac456 e-con-full e-flex e-con e-child\" data-id=\"02ac456\" data-element_type=\"container\">\n\t\t\t\t<div class=\"elementor-element elementor-element-eae595a elementor-widget elementor-widget-heading\" data-id=\"eae595a\" data-element_type=\"widget\" data-widget_type=\"heading.default\">\n\t\t\t\t<div class=\"elementor-widget-container\">\n\t\t\t\t\t<h3 class=\"elementor-heading-title elementor-size-default\">Ak\u00fc H\u00fccrelerinin Korunmas\u0131<\/h3>\t\t\t\t<\/div>\n\t\t\t\t<\/div>\n\t\t\t\t<div class=\"elementor-element elementor-element-38e5d00 elementor-widget elementor-widget-text-editor\" data-id=\"38e5d00\" data-element_type=\"widget\" data-widget_type=\"text-editor.default\">\n\t\t\t\t<div class=\"elementor-widget-container\">\n\t\t\t\t\t\t\t\t\t<p>\u00c7arp\u0131\u015fma testleri, paket i\u00e7indeki m\u00fcnferit ak\u00fc h\u00fccrelerini korumak i\u00e7in tasarlanan g\u00fcvenlik \u00f6zelliklerinin etkinli\u011fini de\u011ferlendirir. Bu, darbe emici yap\u0131lar, \u0131s\u0131 yal\u0131t\u0131m\u0131 ve bir \u00e7arp\u0131\u015fma durumunda h\u00fccreden h\u00fccreye temas\u0131 ve termal ka\u00e7\u0131\u015f\u0131 \u00f6nleyen bariyerler gibi \u00f6nlemleri i\u00e7erir.<\/p>\t\t\t\t\t\t\t\t<\/div>\n\t\t\t\t<\/div>\n\t\t\t\t<\/div>\n\t\t<div class=\"elementor-element elementor-element-8fc5e54 e-con-full e-flex e-con e-child\" data-id=\"8fc5e54\" data-element_type=\"container\">\n\t\t\t\t<div class=\"elementor-element elementor-element-40cf8c0 elementor-widget elementor-widget-heading\" data-id=\"40cf8c0\" data-element_type=\"widget\" data-widget_type=\"heading.default\">\n\t\t\t\t<div class=\"elementor-widget-container\">\n\t\t\t\t\t<h3 class=\"elementor-heading-title elementor-size-default\">Termal Y\u00f6netim<\/h3>\t\t\t\t<\/div>\n\t\t\t\t<\/div>\n\t\t\t\t<div class=\"elementor-element elementor-element-69ac11c elementor-widget elementor-widget-text-editor\" data-id=\"69ac11c\" data-element_type=\"widget\" data-widget_type=\"text-editor.default\">\n\t\t\t\t<div class=\"elementor-widget-container\">\n\t\t\t\t\t\t\t\t\t<p>Termal y\u00f6netim sistemleri, elektrikli ara\u00e7 bataryalar\u0131nda a\u015f\u0131r\u0131 \u0131s\u0131nman\u0131n ve termal ka\u00e7aklar\u0131n \u00f6nlenmesinde \u00e7ok \u00f6nemli bir rol oynar. \u00c7arp\u0131\u015fma testleri, \u00e7arp\u0131\u015fma s\u0131ras\u0131nda darbe kuvvetlerine dayanabilmelerini ve etkili s\u0131cakl\u0131k kontrol\u00fcn\u00fc s\u00fcrd\u00fcrebilmelerini sa\u011flamak i\u00e7in so\u011futma sistemlerinin, so\u011futma s\u0131v\u0131s\u0131 sirk\u00fclasyonunun ve termal bariyerlerin b\u00fct\u00fcnl\u00fc\u011f\u00fcn\u00fc de\u011ferlendirir.<\/p>\t\t\t\t\t\t\t\t<\/div>\n\t\t\t\t<\/div>\n\t\t\t\t<\/div>\n\t\t<div class=\"elementor-element elementor-element-dddd494 e-con-full elementor-hidden-tablet elementor-hidden-mobile e-flex e-con e-child\" data-id=\"dddd494\" data-element_type=\"container\">\n\t\t\t\t<\/div>\n\t\t<div class=\"elementor-element elementor-element-14565ad e-con-full e-flex e-con e-child\" data-id=\"14565ad\" data-element_type=\"container\">\n\t\t\t\t<div class=\"elementor-element elementor-element-510aa8f elementor-widget elementor-widget-heading\" data-id=\"510aa8f\" data-element_type=\"widget\" data-widget_type=\"heading.default\">\n\t\t\t\t<div class=\"elementor-widget-container\">\n\t\t\t\t\t<h3 class=\"elementor-heading-title elementor-size-default\">Elektriksel \u0130zolasyon<\/h3>\t\t\t\t<\/div>\n\t\t\t\t<\/div>\n\t\t\t\t<div class=\"elementor-element elementor-element-80a8ec6 elementor-widget elementor-widget-text-editor\" data-id=\"80a8ec6\" data-element_type=\"widget\" data-widget_type=\"text-editor.default\">\n\t\t\t\t<div class=\"elementor-widget-container\">\n\t\t\t\t\t\t\t\t\t<p>\u00c7arp\u0131\u015fma testleri, bir \u00e7arp\u0131\u015fma durumunda k\u0131sa devreleri ve elektriksel tehlikeleri \u00f6nlemek i\u00e7in ak\u00fc paketinin elektriksel izolasyonunu do\u011frular. Bu, y\u00fcksek voltajl\u0131 bile\u015fenleri arac\u0131n \u015fasisinden ve yolculardan izole etmek i\u00e7in yal\u0131t\u0131m malzemelerinin, elektrik konekt\u00f6rlerinin ve g\u00fcvenlik mekanizmalar\u0131n\u0131n etkinli\u011finin de\u011ferlendirilmesini i\u00e7erir.<\/p>\t\t\t\t\t\t\t\t<\/div>\n\t\t\t\t<\/div>\n\t\t\t\t<\/div>\n\t\t<div class=\"elementor-element elementor-element-ba11d4f e-con-full e-flex e-con e-child\" data-id=\"ba11d4f\" data-element_type=\"container\">\n\t\t\t\t<div class=\"elementor-element elementor-element-9a8cc84 elementor-widget elementor-widget-heading\" data-id=\"9a8cc84\" data-element_type=\"widget\" data-widget_type=\"heading.default\">\n\t\t\t\t<div class=\"elementor-widget-container\">\n\t\t\t\t\t<h3 class=\"elementor-heading-title elementor-size-default\">\u00c7arp\u0131\u015fma Sonras\u0131 B\u00fct\u00fcnl\u00fck<\/h3>\t\t\t\t<\/div>\n\t\t\t\t<\/div>\n\t\t\t\t<div class=\"elementor-element elementor-element-5f0bc2f elementor-widget elementor-widget-text-editor\" data-id=\"5f0bc2f\" data-element_type=\"widget\" data-widget_type=\"text-editor.default\">\n\t\t\t\t<div class=\"elementor-widget-container\">\n\t\t\t\t\t\t\t\t\t<p>Bir \u00e7arp\u0131\u015fmadan sonra, batarya paketinin neden oldu\u011fu daha fazla hasar\u0131 veya tehlikeyi \u00f6nlemek \u00e7ok \u00f6nemlidir. \u00c7arp\u0131\u015fma testleri, yang\u0131n, s\u0131z\u0131nt\u0131 veya elektrik \u00e7arpmas\u0131 tehlikelerini \u00f6nlemek i\u00e7in otomatik ba\u011flant\u0131 kesme sistemleri, fiziksel bariyerler ve muhafaza yap\u0131lar\u0131 gibi \u00e7arp\u0131\u015fma sonras\u0131 b\u00fct\u00fcnl\u00fck \u00f6nlemlerini de\u011ferlendirir.<\/p>\t\t\t\t\t\t\t\t<\/div>\n\t\t\t\t<\/div>\n\t\t\t\t<\/div>\n\t\t<div class=\"elementor-element elementor-element-4b84782 e-con-full e-flex e-con e-child\" data-id=\"4b84782\" data-element_type=\"container\">\n\t\t\t\t<div class=\"elementor-element elementor-element-be62c91 elementor-widget elementor-widget-heading\" data-id=\"be62c91\" data-element_type=\"widget\" data-widget_type=\"heading.default\">\n\t\t\t\t<div class=\"elementor-widget-container\">\n\t\t\t\t\t<h3 class=\"elementor-heading-title elementor-size-default\">Acil Durum M\u00fcdahalesi<\/h3>\t\t\t\t<\/div>\n\t\t\t\t<\/div>\n\t\t\t\t<div class=\"elementor-element elementor-element-3625f38 elementor-widget elementor-widget-text-editor\" data-id=\"3625f38\" data-element_type=\"widget\" data-widget_type=\"text-editor.default\">\n\t\t\t\t<div class=\"elementor-widget-container\">\n\t\t\t\t\t\t\t\t\t<p>\u00c7arp\u0131\u015fma testleri, elektrikli ara\u00e7 ak\u00fc kazalar\u0131n\u0131n ele al\u0131nmas\u0131na y\u00f6nelik acil m\u00fcdahale prosed\u00fcrlerini de dikkate almaktad\u0131r. Bu, ilk m\u00fcdahale ekiplerine y\u00fcksek voltaj sisteminin g\u00fcvenli bir \u015fekilde nas\u0131l devre d\u0131\u015f\u0131 b\u0131rak\u0131laca\u011f\u0131, batarya paketine nas\u0131l eri\u015filece\u011fi ve yang\u0131n veya kimyasal maruziyet gibi potansiyel tehlikelerin nas\u0131l azalt\u0131laca\u011f\u0131 konusunda a\u00e7\u0131k talimatlar verilmesini i\u00e7erir.<\/p>\t\t\t\t\t\t\t\t<\/div>\n\t\t\t\t<\/div>\n\t\t\t\t<\/div>\n\t\t\t\t\t<\/div>\n\t\t\t\t<\/div>\n\t\t<div class=\"elementor-element elementor-element-32cfa48 e-flex e-con-boxed e-con e-parent\" data-id=\"32cfa48\" data-element_type=\"container\">\n\t\t\t\t\t<div class=\"e-con-inner\">\n\t\t\t\t<div class=\"elementor-element elementor-element-82b785a elementor-widget elementor-widget-template\" data-id=\"82b785a\" data-element_type=\"widget\" data-widget_type=\"template.default\">\n\t\t\t\t<div class=\"elementor-widget-container\">\n\t\t\t\t\t\t\t<div class=\"elementor-template\">\n\t\t\t\t\t<div data-elementor-type=\"section\" data-elementor-id=\"607\" class=\"elementor elementor-607 elementor-410\" data-elementor-post-type=\"elementor_library\">\n\t\t\t<div class=\"elementor-element elementor-element-01d9472 e-flex e-con-boxed e-con e-parent\" data-id=\"01d9472\" data-element_type=\"container\">\n\t\t\t\t\t<div class=\"e-con-inner\">\n\t\t\t\t<div class=\"elementor-element elementor-element-74b8833 elementor-widget__width-inherit elementor-widget elementor-widget-heading\" data-id=\"74b8833\" data-element_type=\"widget\" data-widget_type=\"heading.default\">\n\t\t\t\t<div class=\"elementor-widget-container\">\n\t\t\t\t\t<h1 class=\"elementor-heading-title elementor-size-default\">Safety Dynamics ile \u00c7al\u0131\u015fman\u0131n Avantajlar\u0131<\/h1>\t\t\t\t<\/div>\n\t\t\t\t<\/div>\n\t\t<div class=\"elementor-element elementor-element-1378982 e-con-full e-flex e-con e-child\" data-id=\"1378982\" data-element_type=\"container\">\n\t\t\t\t<div class=\"elementor-element elementor-element-589b58f elementor-widget elementor-widget-image\" data-id=\"589b58f\" data-element_type=\"widget\" data-widget_type=\"image.default\">\n\t\t\t\t<div class=\"elementor-widget-container\">\n\t\t\t\t\t\t\t\t\t\t\t\t\t\t\t<img decoding=\"async\" width=\"800\" height=\"800\" src=\"https:\/\/safety-dynamics.com\/wp-content\/uploads\/2024\/08\/schedule-1536x1536-1-1024x1024.png\" class=\"attachment-large size-large wp-image-576\" alt=\"\" srcset=\"https:\/\/safety-dynamics.com\/wp-content\/uploads\/2024\/08\/schedule-1536x1536-1-1024x1024.png 1024w, https:\/\/safety-dynamics.com\/wp-content\/uploads\/2024\/08\/schedule-1536x1536-1-300x300.png 300w, https:\/\/safety-dynamics.com\/wp-content\/uploads\/2024\/08\/schedule-1536x1536-1-150x150.png 150w, https:\/\/safety-dynamics.com\/wp-content\/uploads\/2024\/08\/schedule-1536x1536-1-768x768.png 768w, https:\/\/safety-dynamics.com\/wp-content\/uploads\/2024\/08\/schedule-1536x1536-1.png 1536w\" sizes=\"(max-width: 800px) 100vw, 800px\" \/>\t\t\t\t\t\t\t\t\t\t\t\t\t\t\t<\/div>\n\t\t\t\t<\/div>\n\t\t\t\t<div class=\"elementor-element elementor-element-4ea1b51 elementor-widget elementor-widget-heading\" data-id=\"4ea1b51\" data-element_type=\"widget\" data-widget_type=\"heading.default\">\n\t\t\t\t<div class=\"elementor-widget-container\">\n\t\t\t\t\t<h3 class=\"elementor-heading-title elementor-size-default\">K\u0131sa Rezervasyon D\u00f6nemleri<\/h3>\t\t\t\t<\/div>\n\t\t\t\t<\/div>\n\t\t\t\t<div class=\"elementor-element elementor-element-ccc6094 elementor-widget elementor-widget-text-editor\" data-id=\"ccc6094\" data-element_type=\"widget\" data-widget_type=\"text-editor.default\">\n\t\t\t\t<div class=\"elementor-widget-container\">\n\t\t\t\t\t\t\t\t\tHizmetlerimizi k\u0131sa bir zaman \u00e7izelgesi i\u00e7inde sunuyoruz. Bu size zaman avantaj\u0131 sa\u011flar ve test sonu\u00e7lar\u0131n\u0131 daha h\u0131zl\u0131 alman\u0131z\u0131 sa\u011flar. (Testler aras\u0131nda 10 dakikadan az!)\t\t\t\t\t\t\t\t<\/div>\n\t\t\t\t<\/div>\n\t\t\t\t<\/div>\n\t\t<div class=\"elementor-element elementor-element-97db464 e-con-full e-flex e-con e-child\" data-id=\"97db464\" data-element_type=\"container\">\n\t\t\t\t<div class=\"elementor-element elementor-element-fa19075 elementor-widget elementor-widget-image\" data-id=\"fa19075\" data-element_type=\"widget\" data-widget_type=\"image.default\">\n\t\t\t\t<div class=\"elementor-widget-container\">\n\t\t\t\t\t\t\t\t\t\t\t\t\t\t\t<img decoding=\"async\" width=\"800\" height=\"800\" src=\"https:\/\/safety-dynamics.com\/wp-content\/uploads\/2024\/08\/location-rev-1536x1536-1-1024x1024.png\" class=\"attachment-large size-large wp-image-577\" alt=\"\" srcset=\"https:\/\/safety-dynamics.com\/wp-content\/uploads\/2024\/08\/location-rev-1536x1536-1-1024x1024.png 1024w, https:\/\/safety-dynamics.com\/wp-content\/uploads\/2024\/08\/location-rev-1536x1536-1-300x300.png 300w, https:\/\/safety-dynamics.com\/wp-content\/uploads\/2024\/08\/location-rev-1536x1536-1-150x150.png 150w, https:\/\/safety-dynamics.com\/wp-content\/uploads\/2024\/08\/location-rev-1536x1536-1-768x768.png 768w, https:\/\/safety-dynamics.com\/wp-content\/uploads\/2024\/08\/location-rev-1536x1536-1.png 1536w\" sizes=\"(max-width: 800px) 100vw, 800px\" \/>\t\t\t\t\t\t\t\t\t\t\t\t\t\t\t<\/div>\n\t\t\t\t<\/div>\n\t\t\t\t<div class=\"elementor-element elementor-element-cc72474 elementor-widget elementor-widget-heading\" data-id=\"cc72474\" data-element_type=\"widget\" data-widget_type=\"heading.default\">\n\t\t\t\t<div class=\"elementor-widget-container\">\n\t\t\t\t\t<h3 class=\"elementor-heading-title elementor-size-default\">Konum ve Ula\u015f\u0131m<\/h3>\t\t\t\t<\/div>\n\t\t\t\t<\/div>\n\t\t\t\t<div class=\"elementor-element elementor-element-c66865e elementor-widget elementor-widget-text-editor\" data-id=\"c66865e\" data-element_type=\"widget\" data-widget_type=\"text-editor.default\">\n\t\t\t\t<div class=\"elementor-widget-container\">\n\t\t\t\t\t\t\t\t\t\u00d6nemli bir jeolojik alana dayan\u0131yoruz.\t\t\t\t\t\t\t\t<\/div>\n\t\t\t\t<\/div>\n\t\t\t\t<\/div>\n\t\t<div class=\"elementor-element elementor-element-6e51215 e-con-full e-flex e-con e-child\" data-id=\"6e51215\" data-element_type=\"container\">\n\t\t\t\t<div class=\"elementor-element elementor-element-9d794bc elementor-widget elementor-widget-image\" data-id=\"9d794bc\" data-element_type=\"widget\" data-widget_type=\"image.default\">\n\t\t\t\t<div class=\"elementor-widget-container\">\n\t\t\t\t\t\t\t\t\t\t\t\t\t\t\t<img loading=\"lazy\" decoding=\"async\" width=\"800\" height=\"800\" src=\"https:\/\/safety-dynamics.com\/wp-content\/uploads\/2024\/08\/testing-f-1536x1536-1-1024x1024.png\" class=\"attachment-large size-large wp-image-578\" alt=\"\" srcset=\"https:\/\/safety-dynamics.com\/wp-content\/uploads\/2024\/08\/testing-f-1536x1536-1-1024x1024.png 1024w, https:\/\/safety-dynamics.com\/wp-content\/uploads\/2024\/08\/testing-f-1536x1536-1-300x300.png 300w, https:\/\/safety-dynamics.com\/wp-content\/uploads\/2024\/08\/testing-f-1536x1536-1-150x150.png 150w, https:\/\/safety-dynamics.com\/wp-content\/uploads\/2024\/08\/testing-f-1536x1536-1-768x768.png 768w, https:\/\/safety-dynamics.com\/wp-content\/uploads\/2024\/08\/testing-f-1536x1536-1.png 1536w\" sizes=\"(max-width: 800px) 100vw, 800px\" \/>\t\t\t\t\t\t\t\t\t\t\t\t\t\t\t<\/div>\n\t\t\t\t<\/div>\n\t\t\t\t<div class=\"elementor-element elementor-element-80e222e elementor-widget elementor-widget-heading\" data-id=\"80e222e\" data-element_type=\"widget\" data-widget_type=\"heading.default\">\n\t\t\t\t<div class=\"elementor-widget-container\">\n\t\t\t\t\t<h3 class=\"elementor-heading-title elementor-size-default\">Y\u00fcksek Teknoloji Ekipmanlar<\/h3>\t\t\t\t<\/div>\n\t\t\t\t<\/div>\n\t\t\t\t<div class=\"elementor-element elementor-element-5bad448 elementor-widget elementor-widget-text-editor\" data-id=\"5bad448\" data-element_type=\"widget\" data-widget_type=\"text-editor.default\">\n\t\t\t\t<div class=\"elementor-widget-container\">\n\t\t\t\t\t\t\t\t\tEn son teknoloji ve y\u00f6netmeliklere uygun son teknoloji ekipmanlara sahibiz.\n\n\t\t\t\t\t\t\t\t<\/div>\n\t\t\t\t<\/div>\n\t\t\t\t<\/div>\n\t\t\t\t\t<\/div>\n\t\t\t\t<\/div>\n\t\t\t\t<\/div>\n\t\t\t\t<\/div>\n\t\t\t\t\t\t<\/div>\n\t\t\t\t<\/div>\n\t\t\t\t\t<\/div>\n\t\t\t\t<\/div>\n\t\t\t\t<\/div>\n\t\t","protected":false},"excerpt":{"rendered":"<p>Yol G\u00fcvenli\u011finde Emniyet ve G\u00fcvenilirli\u011fin Sa\u011flanmas\u0131na Y\u00f6nelik Hizmetler Yeni Nesil Ara\u00e7lar Safety Dynamics, gerekli t\u00fcm k\u00fcresel ak\u00fc standartlar\u0131na ve y\u00f6netmeliklerine uyman\u0131z\u0131 sa\u011flamak i\u00e7in g\u00fcvenilir elektrikli ara\u00e7 ak\u00fc test hizmetleri sunar. Geli\u015fmi\u015f tesislerimiz ve uzman teknisyenlerimiz, elektrikli ara\u00e7 batarya sistemlerinin b\u00fct\u00fcnl\u00fc\u011f\u00fcn\u00fc ve dayan\u0131kl\u0131l\u0131\u011f\u0131n\u0131 de\u011ferlendirmek i\u00e7in zorlu \u00e7arp\u0131\u015fma testleri ger\u00e7ekle\u015ftirmektedir. Darbe sim\u00fclasyonlar\u0131ndan termal ka\u00e7ak senaryolar\u0131na kadar, en [&hellip;]<\/p>\n","protected":false},"author":1,"featured_media":0,"parent":0,"menu_order":4,"comment_status":"closed","ping_status":"closed","template":"","meta":{"inline_featured_image":false,"footnotes":""},"class_list":["post-611","page","type-page","status-publish","hentry"],"_links":{"self":[{"href":"https:\/\/safety-dynamics.com\/tr\/wp-json\/wp\/v2\/pages\/611","targetHints":{"allow":["GET"]}}],"collection":[{"href":"https:\/\/safety-dynamics.com\/tr\/wp-json\/wp\/v2\/pages"}],"about":[{"href":"https:\/\/safety-dynamics.com\/tr\/wp-json\/wp\/v2\/types\/page"}],"author":[{"embeddable":true,"href":"https:\/\/safety-dynamics.com\/tr\/wp-json\/wp\/v2\/users\/1"}],"replies":[{"embeddable":true,"href":"https:\/\/safety-dynamics.com\/tr\/wp-json\/wp\/v2\/comments?post=611"}],"version-history":[{"count":7,"href":"https:\/\/safety-dynamics.com\/tr\/wp-json\/wp\/v2\/pages\/611\/revisions"}],"predecessor-version":[{"id":783,"href":"https:\/\/safety-dynamics.com\/tr\/wp-json\/wp\/v2\/pages\/611\/revisions\/783"}],"wp:attachment":[{"href":"https:\/\/safety-dynamics.com\/tr\/wp-json\/wp\/v2\/media?parent=611"}],"curies":[{"name":"wp","href":"https:\/\/api.w.org\/{rel}","templated":true}]}}