{"id":614,"date":"2024-02-20T08:08:52","date_gmt":"2024-02-20T05:08:52","guid":{"rendered":"https:\/\/safety-dynamics.com\/news\/"},"modified":"2025-06-18T17:32:13","modified_gmt":"2025-06-18T14:32:13","slug":"haberler","status":"publish","type":"page","link":"https:\/\/safety-dynamics.com\/tr\/haberler\/","title":{"rendered":"Haberler"},"content":{"rendered":"\t\t<div data-elementor-type=\"wp-page\" data-elementor-id=\"614\" class=\"elementor elementor-614 elementor-494\" data-elementor-post-type=\"page\">\n\t\t\t\t<div class=\"elementor-element elementor-element-0897c32 e-flex e-con-boxed e-con e-parent\" data-id=\"0897c32\" data-element_type=\"container\" data-settings=\"{&quot;background_background&quot;:&quot;classic&quot;}\">\n\t\t\t\t\t<div class=\"e-con-inner\">\n\t\t\t\t<div class=\"elementor-element elementor-element-483e304 elementor-widget elementor-widget-text-editor\" data-id=\"483e304\" data-element_type=\"widget\" data-widget_type=\"text-editor.default\">\n\t\t\t\t<div class=\"elementor-widget-container\">\n\t\t\t\t\t\t\t\t\tHaberler\t\t\t\t\t\t\t\t<\/div>\n\t\t\t\t<\/div>\n\t\t\t\t<div class=\"elementor-element elementor-element-7906e07 elementor-widget__width-initial elementor-widget elementor-widget-text-editor\" data-id=\"7906e07\" data-element_type=\"widget\" data-widget_type=\"text-editor.default\">\n\t\t\t\t<div class=\"elementor-widget-container\">\n\t\t\t\t\t\t\t\t\t<p>Hakk\u0131m\u0131zda son haberleri \u00f6\u011frenin<\/p>\n\t\t\t\t\t\t\t\t<\/div>\n\t\t\t\t<\/div>\n\t\t\t\t\t<\/div>\n\t\t\t\t<\/div>\n\t\t<div class=\"elementor-element elementor-element-f202c1c e-flex e-con-boxed e-con e-parent\" data-id=\"f202c1c\" data-element_type=\"container\" data-settings=\"{&quot;background_background&quot;:&quot;classic&quot;}\">\n\t\t\t\t\t<div class=\"e-con-inner\">\n\t\t\t\t<div class=\"elementor-element elementor-element-9da1a1d elementor-grid-3 elementor-grid-tablet-2 elementor-grid-mobile-1 elementor-posts--thumbnail-top elementor-posts__hover-gradient elementor-widget elementor-widget-posts\" data-id=\"9da1a1d\" data-element_type=\"widget\" data-settings=\"{&quot;cards_row_gap&quot;:{&quot;unit&quot;:&quot;em&quot;,&quot;size&quot;:1.1999999999999999555910790149937383830547332763671875,&quot;sizes&quot;:[]},&quot;cards_row_gap_tablet&quot;:{&quot;unit&quot;:&quot;em&quot;,&quot;size&quot;:&quot;&quot;,&quot;sizes&quot;:[]},&quot;cards_row_gap_mobile&quot;:{&quot;unit&quot;:&quot;em&quot;,&quot;size&quot;:&quot;&quot;,&quot;sizes&quot;:[]},&quot;cards_columns&quot;:&quot;3&quot;,&quot;cards_columns_tablet&quot;:&quot;2&quot;,&quot;cards_columns_mobile&quot;:&quot;1&quot;}\" data-widget_type=\"posts.cards\">\n\t\t\t\t<div class=\"elementor-widget-container\">\n\t\t\t\t\t\t\t<div class=\"elementor-posts-container elementor-posts elementor-posts--skin-cards elementor-grid\" role=\"list\">\n\t\t\t\t<article class=\"elementor-post elementor-grid-item post-970 post type-post status-publish format-standard has-post-thumbnail hentry category-uncategorized-tr\" role=\"listitem\">\n\t\t\t<div class=\"elementor-post__card\">\n\t\t\t\t<a class=\"elementor-post__thumbnail__link\" href=\"https:\/\/safety-dynamics.com\/tr\/altin-ucgendeki-sled-test-partneriniz\/\" tabindex=\"-1\" ><div class=\"elementor-post__thumbnail\"><img fetchpriority=\"high\" decoding=\"async\" width=\"768\" height=\"388\" src=\"https:\/\/safety-dynamics.com\/wp-content\/uploads\/2025\/05\/SAFETY-DYNAMICS-ALTIN-UCGEN-POST-768x388.webp\" class=\"attachment-medium_large size-medium_large wp-image-1219\" alt=\"\" srcset=\"https:\/\/safety-dynamics.com\/wp-content\/uploads\/2025\/05\/SAFETY-DYNAMICS-ALTIN-UCGEN-POST-768x388.webp 768w, https:\/\/safety-dynamics.com\/wp-content\/uploads\/2025\/05\/SAFETY-DYNAMICS-ALTIN-UCGEN-POST-300x152.webp 300w, https:\/\/safety-dynamics.com\/wp-content\/uploads\/2025\/05\/SAFETY-DYNAMICS-ALTIN-UCGEN-POST-1024x517.webp 1024w, https:\/\/safety-dynamics.com\/wp-content\/uploads\/2025\/05\/SAFETY-DYNAMICS-ALTIN-UCGEN-POST-1536x776.webp 1536w, https:\/\/safety-dynamics.com\/wp-content\/uploads\/2025\/05\/SAFETY-DYNAMICS-ALTIN-UCGEN-POST.webp 1920w\" sizes=\"(max-width: 768px) 100vw, 768px\" \/><\/div><\/a>\n\t\t\t\t<div class=\"elementor-post__text\">\n\t\t\t\t<h3 class=\"elementor-post__title\">\n\t\t\t<a href=\"https:\/\/safety-dynamics.com\/tr\/altin-ucgendeki-sled-test-partneriniz\/\" >\n\t\t\t\tAlt\u0131n \u00dc\u00e7gendeki Sled Test Partneriniz\t\t\t<\/a>\n\t\t<\/h3>\n\t\t\t\t<\/div>\n\t\t\t\t\t<\/div>\n\t\t<\/article>\n\t\t\t\t<article class=\"elementor-post elementor-grid-item post-947 post type-post status-publish format-standard has-post-thumbnail hentry category-uncategorized\" role=\"listitem\">\n\t\t\t<div class=\"elementor-post__card\">\n\t\t\t\t<a class=\"elementor-post__thumbnail__link\" href=\"https:\/\/safety-dynamics.com\/tr\/ambulanslarda-10g-sled-testi\/\" tabindex=\"-1\" ><div class=\"elementor-post__thumbnail\"><img decoding=\"async\" width=\"768\" height=\"512\" src=\"https:\/\/safety-dynamics.com\/wp-content\/uploads\/2025\/04\/10g-Sled-Testing-in-Ambulances-768x512.webp\" class=\"attachment-medium_large size-medium_large wp-image-923\" alt=\"\" srcset=\"https:\/\/safety-dynamics.com\/wp-content\/uploads\/2025\/04\/10g-Sled-Testing-in-Ambulances-768x512.webp 768w, https:\/\/safety-dynamics.com\/wp-content\/uploads\/2025\/04\/10g-Sled-Testing-in-Ambulances-300x200.webp 300w, https:\/\/safety-dynamics.com\/wp-content\/uploads\/2025\/04\/10g-Sled-Testing-in-Ambulances-1024x683.webp 1024w, https:\/\/safety-dynamics.com\/wp-content\/uploads\/2025\/04\/10g-Sled-Testing-in-Ambulances.webp 1536w\" sizes=\"(max-width: 768px) 100vw, 768px\" \/><\/div><\/a>\n\t\t\t\t<div class=\"elementor-post__text\">\n\t\t\t\t<h3 class=\"elementor-post__title\">\n\t\t\t<a href=\"https:\/\/safety-dynamics.com\/tr\/ambulanslarda-10g-sled-testi\/\" >\n\t\t\t\tAmbulanslarda 10g Sled Testi:\t\t\t<\/a>\n\t\t<\/h3>\n\t\t\t\t<\/div>\n\t\t\t\t\t<\/div>\n\t\t<\/article>\n\t\t\t\t<article class=\"elementor-post elementor-grid-item post-604 post type-post status-publish format-standard has-post-thumbnail hentry category-uncategorized-tr\" role=\"listitem\">\n\t\t\t<div class=\"elementor-post__card\">\n\t\t\t\t<a class=\"elementor-post__thumbnail__link\" href=\"https:\/\/safety-dynamics.com\/tr\/arac-koltugu-carpisma-testleri\/\" tabindex=\"-1\" ><div class=\"elementor-post__thumbnail\"><img decoding=\"async\" width=\"768\" height=\"432\" src=\"https:\/\/safety-dynamics.com\/wp-content\/uploads\/2024\/08\/safety-belt-hero-768x432.jpg\" class=\"attachment-medium_large size-medium_large wp-image-569\" alt=\"\" srcset=\"https:\/\/safety-dynamics.com\/wp-content\/uploads\/2024\/08\/safety-belt-hero-768x432.jpg 768w, https:\/\/safety-dynamics.com\/wp-content\/uploads\/2024\/08\/safety-belt-hero-300x169.jpg 300w, https:\/\/safety-dynamics.com\/wp-content\/uploads\/2024\/08\/safety-belt-hero-1024x576.jpg 1024w, https:\/\/safety-dynamics.com\/wp-content\/uploads\/2024\/08\/safety-belt-hero-1536x864.jpg 1536w, https:\/\/safety-dynamics.com\/wp-content\/uploads\/2024\/08\/safety-belt-hero.jpg 1920w\" sizes=\"(max-width: 768px) 100vw, 768px\" \/><\/div><\/a>\n\t\t\t\t<div class=\"elementor-post__text\">\n\t\t\t\t<h3 class=\"elementor-post__title\">\n\t\t\t<a href=\"https:\/\/safety-dynamics.com\/tr\/arac-koltugu-carpisma-testleri\/\" >\n\t\t\t\tArac\u0327 Koltug\u0306u C\u0327arp\u0131s\u0327ma Testleri\t\t\t<\/a>\n\t\t<\/h3>\n\t\t\t\t<\/div>\n\t\t\t\t\t<\/div>\n\t\t<\/article>\n\t\t\t\t<article class=\"elementor-post elementor-grid-item post-917 post type-post status-publish format-standard has-post-thumbnail hentry category-uncategorized-tr\" role=\"listitem\">\n\t\t\t<div class=\"elementor-post__card\">\n\t\t\t\t<a class=\"elementor-post__thumbnail__link\" href=\"https:\/\/safety-dynamics.com\/tr\/kilit-sistemlerinde-guvenligin-anahtari\/\" tabindex=\"-1\" ><div class=\"elementor-post__thumbnail\"><img loading=\"lazy\" decoding=\"async\" width=\"768\" height=\"512\" src=\"https:\/\/safety-dynamics.com\/wp-content\/uploads\/2025\/04\/The-Key-to-Safety-in-Lock-Systems-The-Sled-Testing-Advantage-with-Safety-Dynamics-768x512.webp\" class=\"attachment-medium_large size-medium_large wp-image-858\" alt=\"\" srcset=\"https:\/\/safety-dynamics.com\/wp-content\/uploads\/2025\/04\/The-Key-to-Safety-in-Lock-Systems-The-Sled-Testing-Advantage-with-Safety-Dynamics-768x512.webp 768w, https:\/\/safety-dynamics.com\/wp-content\/uploads\/2025\/04\/The-Key-to-Safety-in-Lock-Systems-The-Sled-Testing-Advantage-with-Safety-Dynamics-300x200.webp 300w, https:\/\/safety-dynamics.com\/wp-content\/uploads\/2025\/04\/The-Key-to-Safety-in-Lock-Systems-The-Sled-Testing-Advantage-with-Safety-Dynamics-1024x683.webp 1024w, https:\/\/safety-dynamics.com\/wp-content\/uploads\/2025\/04\/The-Key-to-Safety-in-Lock-Systems-The-Sled-Testing-Advantage-with-Safety-Dynamics.webp 1536w\" sizes=\"(max-width: 768px) 100vw, 768px\" \/><\/div><\/a>\n\t\t\t\t<div class=\"elementor-post__text\">\n\t\t\t\t<h3 class=\"elementor-post__title\">\n\t\t\t<a href=\"https:\/\/safety-dynamics.com\/tr\/kilit-sistemlerinde-guvenligin-anahtari\/\" >\n\t\t\t\tKilit Sistemlerinde G\u00fcvenli\u011fin Anahtar\u0131:\t\t\t<\/a>\n\t\t<\/h3>\n\t\t\t\t<\/div>\n\t\t\t\t\t<\/div>\n\t\t<\/article>\n\t\t\t\t<article class=\"elementor-post elementor-grid-item post-605 post type-post status-publish format-standard has-post-thumbnail hentry category-uncategorized-tr\" role=\"listitem\">\n\t\t\t<div class=\"elementor-post__card\">\n\t\t\t\t<a class=\"elementor-post__thumbnail__link\" href=\"https:\/\/safety-dynamics.com\/tr\/arac-sasi-carpisma-testleri-2\/\" tabindex=\"-1\" ><div class=\"elementor-post__thumbnail\"><img loading=\"lazy\" decoding=\"async\" width=\"768\" height=\"388\" src=\"https:\/\/safety-dynamics.com\/wp-content\/uploads\/2024\/08\/hero-chassis-768x388.jpg\" class=\"attachment-medium_large size-medium_large wp-image-585\" alt=\"\" srcset=\"https:\/\/safety-dynamics.com\/wp-content\/uploads\/2024\/08\/hero-chassis-768x388.jpg 768w, https:\/\/safety-dynamics.com\/wp-content\/uploads\/2024\/08\/hero-chassis-300x152.jpg 300w, https:\/\/safety-dynamics.com\/wp-content\/uploads\/2024\/08\/hero-chassis-1024x517.jpg 1024w, https:\/\/safety-dynamics.com\/wp-content\/uploads\/2024\/08\/hero-chassis-1536x776.jpg 1536w, https:\/\/safety-dynamics.com\/wp-content\/uploads\/2024\/08\/hero-chassis.jpg 1920w\" sizes=\"(max-width: 768px) 100vw, 768px\" \/><\/div><\/a>\n\t\t\t\t<div class=\"elementor-post__text\">\n\t\t\t\t<h3 class=\"elementor-post__title\">\n\t\t\t<a href=\"https:\/\/safety-dynamics.com\/tr\/arac-sasi-carpisma-testleri-2\/\" >\n\t\t\t\tArac\u0327 S\u0327asi C\u0327arp\u0131s\u0327ma Testleri\t\t\t<\/a>\n\t\t<\/h3>\n\t\t\t\t<\/div>\n\t\t\t\t\t<\/div>\n\t\t<\/article>\n\t\t\t\t<article class=\"elementor-post elementor-grid-item post-606 post type-post status-publish format-standard has-post-thumbnail hentry category-uncategorized-tr\" role=\"listitem\">\n\t\t\t<div class=\"elementor-post__card\">\n\t\t\t\t<a class=\"elementor-post__thumbnail__link\" href=\"https:\/\/safety-dynamics.com\/tr\/emniyet-kemeri-carpisma-testleri\/\" tabindex=\"-1\" ><div class=\"elementor-post__thumbnail\"><img loading=\"lazy\" decoding=\"async\" width=\"768\" height=\"388\" src=\"https:\/\/safety-dynamics.com\/wp-content\/uploads\/2024\/08\/hero-seat-768x388.jpg\" class=\"attachment-medium_large size-medium_large wp-image-584\" alt=\"\" srcset=\"https:\/\/safety-dynamics.com\/wp-content\/uploads\/2024\/08\/hero-seat-768x388.jpg 768w, https:\/\/safety-dynamics.com\/wp-content\/uploads\/2024\/08\/hero-seat-300x152.jpg 300w, https:\/\/safety-dynamics.com\/wp-content\/uploads\/2024\/08\/hero-seat-1024x517.jpg 1024w, https:\/\/safety-dynamics.com\/wp-content\/uploads\/2024\/08\/hero-seat-1536x776.jpg 1536w, https:\/\/safety-dynamics.com\/wp-content\/uploads\/2024\/08\/hero-seat.jpg 1920w\" sizes=\"(max-width: 768px) 100vw, 768px\" \/><\/div><\/a>\n\t\t\t\t<div class=\"elementor-post__text\">\n\t\t\t\t<h3 class=\"elementor-post__title\">\n\t\t\t<a href=\"https:\/\/safety-dynamics.com\/tr\/emniyet-kemeri-carpisma-testleri\/\" >\n\t\t\t\tEmniyet Kemeri C\u0327arp\u0131s\u0327ma Testleri\t\t\t<\/a>\n\t\t<\/h3>\n\t\t\t\t<\/div>\n\t\t\t\t\t<\/div>\n\t\t<\/article>\n\t\t\t\t<\/div>\n\t\t\n\t\t\t\t\t\t<\/div>\n\t\t\t\t<\/div>\n\t\t\t\t\t<\/div>\n\t\t\t\t<\/div>\n\t\t\t\t<\/div>\n\t\t","protected":false},"excerpt":{"rendered":"<p>Hakk\u0131m\u0131zda son haberleri \u00f6\u011frenin<\/p>\n","protected":false},"author":1,"featured_media":0,"parent":0,"menu_order":7,"comment_status":"closed","ping_status":"closed","template":"","meta":{"inline_featured_image":false,"footnotes":""},"class_list":["post-614","page","type-page","status-publish","hentry"],"_links":{"self":[{"href":"https:\/\/safety-dynamics.com\/tr\/wp-json\/wp\/v2\/pages\/614","targetHints":{"allow":["GET"]}}],"collection":[{"href":"https:\/\/safety-dynamics.com\/tr\/wp-json\/wp\/v2\/pages"}],"about":[{"href":"https:\/\/safety-dynamics.com\/tr\/wp-json\/wp\/v2\/types\/page"}],"author":[{"embeddable":true,"href":"https:\/\/safety-dynamics.com\/tr\/wp-json\/wp\/v2\/users\/1"}],"replies":[{"embeddable":true,"href":"https:\/\/safety-dynamics.com\/tr\/wp-json\/wp\/v2\/comments?post=614"}],"version-history":[{"count":19,"href":"https:\/\/safety-dynamics.com\/tr\/wp-json\/wp\/v2\/pages\/614\/revisions"}],"predecessor-version":[{"id":1016,"href":"https:\/\/safety-dynamics.com\/tr\/wp-json\/wp\/v2\/pages\/614\/revisions\/1016"}],"wp:attachment":[{"href":"https:\/\/safety-dynamics.com\/tr\/wp-json\/wp\/v2\/media?parent=614"}],"curies":[{"name":"wp","href":"https:\/\/api.w.org\/{rel}","templated":true}]}}