{"id":615,"date":"2024-02-20T08:08:52","date_gmt":"2024-02-20T05:08:52","guid":{"rendered":"https:\/\/safety-dynamics.com\/bookings\/"},"modified":"2024-08-16T09:37:41","modified_gmt":"2024-08-16T06:37:41","slug":"rezervasyon","status":"publish","type":"page","link":"https:\/\/safety-dynamics.com\/tr\/rezervasyon\/","title":{"rendered":"Rezervasyon"},"content":{"rendered":"\t\t<div data-elementor-type=\"wp-page\" data-elementor-id=\"615\" class=\"elementor elementor-615 elementor-301\" data-elementor-post-type=\"page\">\n\t\t\t\t<div class=\"elementor-element elementor-element-aeb933c e-con-full e-flex e-con e-parent\" data-id=\"aeb933c\" data-element_type=\"container\" data-settings=\"{&quot;background_background&quot;:&quot;classic&quot;}\">\n\t\t\t\t<div class=\"elementor-element elementor-element-42def7f elementor-widget__width-inherit elementor-widget elementor-widget-heading\" data-id=\"42def7f\" data-element_type=\"widget\" data-widget_type=\"heading.default\">\n\t\t\t\t<div class=\"elementor-widget-container\">\n\t\t\t\t\t<h1 class=\"elementor-heading-title elementor-size-default\">Rezervasyon<\/h1>\t\t\t\t<\/div>\n\t\t\t\t<\/div>\n\t\t\t\t<\/div>\n\t\t<div class=\"elementor-element elementor-element-735cc82 e-flex e-con-boxed e-con e-parent\" data-id=\"735cc82\" data-element_type=\"container\">\n\t\t\t\t\t<div class=\"e-con-inner\">\n\t\t<div class=\"elementor-element elementor-element-aa4c10a e-con-full e-flex e-con e-child\" data-id=\"aa4c10a\" data-element_type=\"container\">\n\t\t\t\t<div class=\"elementor-element elementor-element-db42d13 elementor-widget elementor-widget-video\" data-id=\"db42d13\" data-element_type=\"widget\" data-settings=\"{&quot;video_type&quot;:&quot;hosted&quot;,&quot;controls&quot;:&quot;yes&quot;}\" data-widget_type=\"video.default\">\n\t\t\t\t<div class=\"elementor-widget-container\">\n\t\t\t\t\t\t\t<div class=\"e-hosted-video elementor-wrapper elementor-open-inline\">\n\t\t\t\t\t<video class=\"elementor-video\" src=\"https:\/\/safety-dynamics.com\/wp-content\/uploads\/2024\/08\/mobile-hero.mp4\" controls=\"\" preload=\"metadata\" controlsList=\"nodownload\"><\/video>\n\t\t\t\t<\/div>\n\t\t\t\t\t\t<\/div>\n\t\t\t\t<\/div>\n\t\t\t\t<\/div>\n\t\t<div class=\"elementor-element elementor-element-9fc2b5d e-con-full e-flex e-con e-child\" data-id=\"9fc2b5d\" data-element_type=\"container\">\n\t\t\t\t<div class=\"elementor-element elementor-element-1221b28 elementor-widget elementor-widget-heading\" data-id=\"1221b28\" data-element_type=\"widget\" data-widget_type=\"heading.default\">\n\t\t\t\t<div class=\"elementor-widget-container\">\n\t\t\t\t\t<h1 class=\"elementor-heading-title elementor-size-default\">Rezervasyon \u0130\u00e7in \u0130leti\u015fime Ge\u00e7in<\/h1>\t\t\t\t<\/div>\n\t\t\t\t<\/div>\n\t\t\t\t<div class=\"elementor-element elementor-element-1fa5235 elementor-widget elementor-widget-shortcode\" data-id=\"1fa5235\" data-element_type=\"widget\" data-widget_type=\"shortcode.default\">\n\t\t\t\t<div class=\"elementor-widget-container\">\n\t\t\t\t\t\t\t<div class=\"elementor-shortcode\"><div class=\"forminator-ui forminator-custom-form forminator-custom-form-709 forminator-design--material  forminator_ajax\" data-forminator-render=\"0\" data-form=\"forminator-module-709\" data-uid=\"69d0a5a93e878\"><br\/><\/div><form\r\n\t\t\t\tid=\"forminator-module-709\"\r\n\t\t\t\tclass=\"forminator-ui forminator-custom-form forminator-custom-form-709 forminator-design--material  forminator_ajax\"\r\n\t\t\t\tmethod=\"post\"\r\n\t\t\t\tdata-forminator-render=\"0\"\r\n\t\t\t\tdata-form-id=\"709\"\r\n\t\t\t\t\r\n\t\t\t\tdata-design=\"material\"\r\n\t\t\t\tdata-color-option=\"default\"\r\n\t\t\t\t\r\n\t\t\t\t\r\n\t\t\t\t\r\n\t\t\t\tdata-grid=\"open\"\r\n\t\t\t\t\r\n\t\t\t\t\r\n\t\t\t\tstyle=\"display: none;\"\r\n\t\t\t\t\r\n\t\t\t\tdata-uid=\"69d0a5a93e878\"\r\n\t\t\t><div role=\"alert\" aria-live=\"polite\" class=\"forminator-response-message forminator-error\" aria-hidden=\"true\"><\/div><div class=\"forminator-row\"><div id=\"name-1\" class=\"forminator-field-name forminator-col forminator-col-12 \"><div class=\"forminator-field\"><label for=\"forminator-field-name-1_69d0a5a93e878\" id=\"forminator-field-name-1_69d0a5a93e878-label\" class=\"forminator-label\">Ad\u0131n\u0131z <span class=\"forminator-required\">*<\/span><\/label><input type=\"text\" name=\"name-1\" value=\"\" placeholder=\"\" id=\"forminator-field-name-1_69d0a5a93e878\" class=\"forminator-input forminator-name--field\" aria-required=\"true\" \/><\/div><\/div><\/div><div class=\"forminator-row\"><div id=\"email-1\" class=\"forminator-field-email forminator-col forminator-col-12 \"><div class=\"forminator-field\"><label for=\"forminator-field-email-1_69d0a5a93e878\" id=\"forminator-field-email-1_69d0a5a93e878-label\" class=\"forminator-label\">Email Adresiniz <span class=\"forminator-required\">*<\/span><\/label><input type=\"email\" name=\"email-1\" value=\"\" placeholder=\"\" id=\"forminator-field-email-1_69d0a5a93e878\" class=\"forminator-input forminator-email--field\" data-required=\"true\" aria-required=\"true\" \/><\/div><\/div><\/div><div class=\"forminator-row\"><div id=\"phone-1\" class=\"forminator-field-phone forminator-col forminator-col-12 \"><div class=\"forminator-field\"><label for=\"forminator-field-phone-1_69d0a5a93e878\" id=\"forminator-field-phone-1_69d0a5a93e878-label\" class=\"forminator-label\">Telefon Numaran\u0131z<\/label><input type=\"text\" name=\"phone-1\" value=\"\" placeholder=\"\" id=\"forminator-field-phone-1_69d0a5a93e878\" class=\"forminator-input forminator-field--phone\" data-required=\"\" aria-required=\"false\" autocomplete=\"off\" \/><\/div><\/div><\/div><div class=\"forminator-row\"><div id=\"textarea-1\" class=\"forminator-field-textarea forminator-col forminator-col-12 \"><div class=\"forminator-field\"><label for=\"forminator-field-textarea-1_69d0a5a93e878\" id=\"forminator-field-textarea-1_69d0a5a93e878-label\" class=\"forminator-label\">Mesaj\u0131n\u0131z<\/label><textarea name=\"textarea-1\" placeholder=\"\" id=\"forminator-field-textarea-1_69d0a5a93e878\" class=\"forminator-textarea\" rows=\"6\" style=\"min-height:140px;\" maxlength=\"180\" ><\/textarea><span id=\"forminator-field-textarea-1_69d0a5a93e878-description\" class=\"forminator-description\"><span data-limit=\"180\" data-type=\"characters\" data-editor=\"\">0 \/ 180<\/span><\/span><\/div><\/div><\/div><input type=\"hidden\" name=\"referer_url\" value=\"\" \/><div class=\"forminator-row forminator-row-last\"><div class=\"forminator-col\"><div class=\"forminator-field\"><button class=\"forminator-button forminator-button-submit\"><span>G&ouml;nder<\/span><span aria-hidden=\"true\"><\/span><\/button><\/div><\/div><\/div><input type=\"hidden\" id=\"forminator_nonce\" name=\"forminator_nonce\" value=\"8d00dc6a9d\" \/><input type=\"hidden\" name=\"_wp_http_referer\" value=\"\/tr\/wp-json\/wp\/v2\/pages\/615\" \/><input type=\"hidden\" name=\"form_id\" value=\"709\"><input type=\"hidden\" name=\"page_id\" value=\"615\"><input type=\"hidden\" name=\"form_type\" value=\"default\"><input type=\"hidden\" name=\"current_url\" value=\"https:\/\/safety-dynamics.com\/tr\/rezervasyon\/\"><input type=\"hidden\" name=\"render_id\" value=\"0\"><input type=\"hidden\" name=\"action\" value=\"forminator_submit_form_custom-forms\"><label for=\"input_5\" class=\"forminator-hidden\" aria-hidden=\"true\">Please do not fill in this field. <input id=\"input_5\" type=\"text\" name=\"input_5\" value=\"\" autocomplete=\"off\"><\/label><\/form><\/div>\n\t\t\t\t\t\t<\/div>\n\t\t\t\t<\/div>\n\t\t\t\t<\/div>\n\t\t\t\t\t<\/div>\n\t\t\t\t<\/div>\n\t\t\t\t<\/div>\n\t\t","protected":false},"excerpt":{"rendered":"<p>https:\/\/safety-dynamics.com\/wp-content\/uploads\/2024\/08\/mobile-hero.mp4 Rezervasyon \u0130\u00e7in \u0130leti\u015fime Ge\u00e7in<\/p>\n","protected":false},"author":1,"featured_media":0,"parent":0,"menu_order":7,"comment_status":"closed","ping_status":"closed","template":"","meta":{"inline_featured_image":false,"footnotes":""},"class_list":["post-615","page","type-page","status-publish","hentry"],"_links":{"self":[{"href":"https:\/\/safety-dynamics.com\/tr\/wp-json\/wp\/v2\/pages\/615","targetHints":{"allow":["GET"]}}],"collection":[{"href":"https:\/\/safety-dynamics.com\/tr\/wp-json\/wp\/v2\/pages"}],"about":[{"href":"https:\/\/safety-dynamics.com\/tr\/wp-json\/wp\/v2\/types\/page"}],"author":[{"embeddable":true,"href":"https:\/\/safety-dynamics.com\/tr\/wp-json\/wp\/v2\/users\/1"}],"replies":[{"embeddable":true,"href":"https:\/\/safety-dynamics.com\/tr\/wp-json\/wp\/v2\/comments?post=615"}],"version-history":[{"count":7,"href":"https:\/\/safety-dynamics.com\/tr\/wp-json\/wp\/v2\/pages\/615\/revisions"}],"predecessor-version":[{"id":719,"href":"https:\/\/safety-dynamics.com\/tr\/wp-json\/wp\/v2\/pages\/615\/revisions\/719"}],"wp:attachment":[{"href":"https:\/\/safety-dynamics.com\/tr\/wp-json\/wp\/v2\/media?parent=615"}],"curies":[{"name":"wp","href":"https:\/\/api.w.org\/{rel}","templated":true}]}}